{"id":21106,"date":"2023-05-21T20:58:14","date_gmt":"2023-05-21T18:58:14","guid":{"rendered":"https:\/\/sdi-globalhealth.com\/?page_id=21106"},"modified":"2023-05-21T21:28:08","modified_gmt":"2023-05-21T19:28:08","slug":"plan-du-site","status":"publish","type":"page","link":"https:\/\/sdi-globalhealth.com\/en\/plan-du-site\/","title":{"rendered":"Site Map"},"content":{"rendered":"<div data-elementor-type=\"wp-page\" data-elementor-id=\"21106\" class=\"elementor elementor-21106\">\n\t\t\t\t\t\t\t\t\t<section class=\"elementor-section elementor-top-section elementor-element elementor-element-333fac8 elementor-section-boxed elementor-section-height-default elementor-section-height-default\" data-id=\"333fac8\" data-element_type=\"section\">\n\t\t\t\t\t\t<div class=\"elementor-container elementor-column-gap-default\">\n\t\t\t\t\t<div class=\"elementor-column elementor-col-100 elementor-top-column elementor-element elementor-element-9743be0\" data-id=\"9743be0\" data-element_type=\"column\">\n\t\t\t<div class=\"elementor-widget-wrap elementor-element-populated\">\n\t\t\t\t\t\t\t\t<div class=\"elementor-element elementor-element-d178998 kurigram-star-rating--align-center elementor-widget elementor-widget-witr_section_title\" data-id=\"d178998\" data-element_type=\"widget\" data-widget_type=\"witr_section_title.default\">\n\t\t\t\t<div class=\"elementor-widget-container\">\n\t\t\t\t\t\t\t\t<!-- title center -->\n\t\t\t\t\t<div class=\"witr_section_title\">\n\t\t\t\t\t\t<div class=\"witr_section_title_inner text-center\">\n\t\t\t\t\t\t\n\t\t\t\t\t\t\t<!--<div class=\"witr_title_lines\"><span class=\"witr_line_shaps\"><span class=\"witr_shape_dv\">Divider <i aria-hidden=\"true\" class=\"fas fa-star\"><\/i><\/span><\/span><\/div>-->\n\t\t\t\t\t\t\t<!-- icon position -->\n\t\t\t\t\t\t\t\t\n\t\t\t\t\t\t\t<!-- end icon position -->\n\t\t\t\t\t\t\t\n\t\t\t\t\t\t\n\t\t\t\t\t\t\t<!-- title top -->\n\t\t\t\t\t\t\t\n\n\t\t\t\t\t\t\t<!-- icon position -->\n\t\t\t\t\t\t\t\t\n\t\t\t\t\t\t\t<!-- end icon position -->\n\n\n\t\t\t\t\t\t\t\n\t\t\t\t\t\t\t<!-- title middle -->\n\t\t\t\t\t\t\t\t\t\t\t\t\t\t\t<h3>Plan du site<\/h3>\t\t\n\t\t\t\t\t\t\t\t\t\t\t\t\t\t<!-- title bottom -->\n\t\t\t\t\t\t\t\n\t\t\t\t\t\t\t\n\t\t\t\t\t\t\t\n\t\t\t\t\t\t\t\t\t\t\t\t\t\t\n\t\t\t\t\t\t\t<!-- image -->\n\t\t\t\t\t\t\t\t\t\t\t\t\t\t<!-- icon -->\n\t\t\t\t\t\t\t\t\t\t\t\t\t\t\n\t\t\t\t\t\t\t<!-- bar -->\n\t\t\t\t\t\t\t\t\t\t\t\t\t\t<!-- circle bar -->\n\t\t\t\t\t\t\t\t\t\t\t\t\t\t\n\t\t\t\t\t\t\t\t\n\t\t\t\t\t\t\t\n\n\t\t\t\t\t\t\t\n\t\t\t\t\t\t\t<!-- content -->\n\t\t\t\t\t\t\t\t\t\t\t\t\t\t\n\t\t\t\t\t\t<\/div>\n\t\t\t\t\t\t\t<!-- inner title -->\n\t\t\t\t\t\t\t\t\t\t\t\t\t\n\t\t\t\t\t<\/div>\n\n\t\t\t\t\t\t<\/div>\n\t\t\t\t<\/div>\n\t\t\t\t\t<\/div>\n\t\t<\/div>\n\t\t\t\t\t\t\t<\/div>\n\t\t<\/section>\n\t\t\t\t<section class=\"elementor-section elementor-top-section elementor-element elementor-element-5a0b047 elementor-section-boxed elementor-section-height-default elementor-section-height-default\" data-id=\"5a0b047\" data-element_type=\"section\">\n\t\t\t\t\t\t<div class=\"elementor-container elementor-column-gap-default\">\n\t\t\t\t\t<div class=\"elementor-column elementor-col-100 elementor-top-column elementor-element elementor-element-2cab9b4\" data-id=\"2cab9b4\" data-element_type=\"column\">\n\t\t\t<div class=\"elementor-widget-wrap elementor-element-populated\">\n\t\t\t\t\t\t\t\t<div class=\"elementor-element elementor-element-01164ae elementor-widget elementor-widget-html\" data-id=\"01164ae\" data-element_type=\"widget\" data-widget_type=\"html.default\">\n\t\t\t\t<div class=\"elementor-widget-container\">\n\t\t\t<ul>\n    <li><a href=\"https:\/\/sdi-globalhealth.com\/en\/#nos-competences\">Our Strengths<\/a><\/li>\n    <li><a href=\"https:\/\/sdi-globalhealth.com\/en\/#pourquoi-sommes-nous-differents\">Our Features<\/a><\/li>\n    <li><a href=\"https:\/\/sdi-globalhealth.com\/en\/#nos-services\">Our Service<\/a><\/li>\n    <ul>\n        <li><a href=\"https:\/\/sdi-globalhealth.com\/en\/affaires-medicales-et-reglementaires\/\">Medical\/R.A<\/a><\/li>\n            <li><a href=\"https:\/\/sdi-globalhealth.com\/en\/marketing-et-ventes\/\">Marketing and Sales<\/a><\/li>\n                <li><a href=\"https:\/\/sdi-globalhealth.com\/en\/chaines-dapprovisionnement\/\">Supply Chain<\/a><\/li>\n                    <li><a href=\"https:\/\/sdi-globalhealth.com\/en\/sante-publique\/\">Global Health<\/a><\/li>\n                        <li><a href=\"https:\/\/sdi-globalhealth.com\/en\/communication-et-evenementiel\/\">Communication<\/a><\/li>\n        <\/ul>\n    <li><a href=\"https:\/\/sdi-globalhealth.com\/en\/#nos-experts\">Our Experts<\/a><\/li>\n        <ul>\n        <li><a href=\"https:\/\/sdi-globalhealth.com\/en\/em_team\/rene-cazetien\/\">Ren\u00e9 Cazetien<\/a><\/li>\n            <li><a href=\"https:\/\/sdi-globalhealth.com\/en\/em_team\/amina-knipiler\/\">Amina Knipiler<\/a><\/li>\n                <li><a href=\"https:\/\/sdi-globalhealth.com\/en\/em_team\/babatunde-aderele\/\">Babatunde Aderele<\/a><\/li>\n                    <li><a href=\"https:\/\/sdi-globalhealth.com\/en\/em_team\/philippe-brun\/\">Philippe Brun<\/a><\/li>\n                        <li><a href=\"https:\/\/sdi-globalhealth.com\/en\/em_team\/abdoulaye-seye\/\">Abdoulaye Seye<\/a><\/li>\n                        <li><a href=\"https:\/\/sdi-globalhealth.com\/en\/em_team\/vincent-de-paul-gobou\/\">Vincent d. P. Gobou<\/a><\/li>\n                        <li><a href=\"https:\/\/sdi-globalhealth.com\/en\/em_team\/richard-nkwamen\/\">Richard Nkwamen<\/a><\/li>\n                        <li><a href=\"https:\/\/sdi-globalhealth.com\/en\/em_team\/minnie-gitau\/\">Minnie Gitau<\/a><\/li>\n                        <li><a href=\"https:\/\/sdi-globalhealth.com\/en\/em_team\/francisco-telles\/\">Francisco Telles<\/a><\/li>\n                        <li><a href=\"https:\/\/sdi-globalhealth.com\/en\/em_team\/bienvenu-mabanza\/\">Bienvenu Mabanza<\/a><\/li>\n                        \n        <\/ul>\n    <li><a href=\"https:\/\/sdi-globalhealth.com\/en\/#nos-clients\">Our Clients<\/a><\/li>\n        <ul>\n        <li><a href=\"https:\/\/sdi-globalhealth.com\/en\/shin-poong-pharm\/\">Shin Poong Pharm<\/a><\/li>\n        <li><a href=\"https:\/\/sdi-globalhealth.com\/en\/psa-group\/\">PSA Group<\/a><\/li>\n        <li><a href=\"https:\/\/sdi-globalhealth.com\/en\/provepharm\/\">Provepharm<\/a><\/li>\n                    <li><a href=\"https:\/\/sdi-globalhealth.com\/en\/spallian\/\">Spallian<\/a><\/li>\n                        <li><a href=\"https:\/\/sdi-globalhealth.com\/en\/see\/\">SEE<\/a><\/li>\n                        <li><a href=\"https:\/\/sdi-globalhealth.com\/en\/altasell\/\">Altasell<\/a><\/li>\n                        <li><a href=\"https:\/\/sdi-globalhealth.com\/en\/far\/\">FAR<\/a><\/li>\n\n        <\/ul>\n    <li><a href=\"https:\/\/sdi-globalhealth.com\/en\/#nous-contacter\">Contact Us<\/a><\/li>\n    <li><a href=\"https:\/\/www.linkedin.com\/in\/ren%C3%A9-cazetien-00a40615a\">LinkedIn<\/a><\/li>\n    <li><a href=\"https:\/\/twitter.com\/sdi_health?s=11\">Twitter<\/a><\/li>\n    <li><a href=\"https:\/\/sdi-globalhealth.com\/en\/plan-du-site\/\">Site Map<\/a><\/li>\n    <li><a href=\"https:\/\/sdi-globalhealth.com\/en\/mentions-legales-et-politique-de-confidentialite\/\">Legal Notice and Privacy Policy<\/a><\/li>\n\n    \n    \n    \n    \n    \n    \n<\/ul>\t\t<\/div>\n\t\t\t\t<\/div>\n\t\t\t\t\t<\/div>\n\t\t<\/div>\n\t\t\t\t\t\t\t<\/div>\n\t\t<\/section>\n\t\t\t\t\t\t\t<\/div>","protected":false},"excerpt":{"rendered":"<p>Plan du site Nos Forces Nos Particularit\u00e9s Nos Services M\u00e9dical\/R\u00e8glementaire Marketing et Ventes Supply Chain Sant\u00e9 Publique Communication Nos Experts Ren\u00e9 Cazetien Amina Knipiler Babatunde Aderele Philippe Brun Abdoulaye Seye Vincent d. P. Gobou Richard Nkwamen Minnie Gitau Francisco Telles Bienvenu Mabanza Nos Clients Shin Poong Pharm PSA Group Provepharm Spallian SEE Altasell FAR Nous [&hellip;]<\/p>","protected":false},"author":1,"featured_media":0,"parent":0,"menu_order":0,"comment_status":"closed","ping_status":"closed","template":"template-home.php","meta":{"footnotes":""},"class_list":["post-21106","page","type-page","status-publish","hentry"],"_links":{"self":[{"href":"https:\/\/sdi-globalhealth.com\/en\/wp-json\/wp\/v2\/pages\/21106","targetHints":{"allow":["GET"]}}],"collection":[{"href":"https:\/\/sdi-globalhealth.com\/en\/wp-json\/wp\/v2\/pages"}],"about":[{"href":"https:\/\/sdi-globalhealth.com\/en\/wp-json\/wp\/v2\/types\/page"}],"author":[{"embeddable":true,"href":"https:\/\/sdi-globalhealth.com\/en\/wp-json\/wp\/v2\/users\/1"}],"replies":[{"embeddable":true,"href":"https:\/\/sdi-globalhealth.com\/en\/wp-json\/wp\/v2\/comments?post=21106"}],"version-history":[{"count":11,"href":"https:\/\/sdi-globalhealth.com\/en\/wp-json\/wp\/v2\/pages\/21106\/revisions"}],"predecessor-version":[{"id":21120,"href":"https:\/\/sdi-globalhealth.com\/en\/wp-json\/wp\/v2\/pages\/21106\/revisions\/21120"}],"wp:attachment":[{"href":"https:\/\/sdi-globalhealth.com\/en\/wp-json\/wp\/v2\/media?parent=21106"}],"curies":[{"name":"wp","href":"https:\/\/api.w.org\/{rel}","templated":true}]}}