{"id":21095,"date":"2023-05-21T20:24:13","date_gmt":"2023-05-21T18:24:13","guid":{"rendered":"https:\/\/sdi-globalhealth.com\/?page_id=21095"},"modified":"2023-05-21T20:57:06","modified_gmt":"2023-05-21T18:57:06","slug":"mentions-legales-et-politique-de-confidentialite","status":"publish","type":"page","link":"https:\/\/sdi-globalhealth.com\/en\/mentions-legales-et-politique-de-confidentialite\/","title":{"rendered":"Mentions l\u00e9gales et Politique de Confidentialit\u00e9"},"content":{"rendered":"<div data-elementor-type=\"wp-page\" data-elementor-id=\"21095\" class=\"elementor elementor-21095\">\n\t\t\t\t\t\t\t\t\t<section class=\"elementor-section elementor-top-section elementor-element elementor-element-333fac8 elementor-section-boxed elementor-section-height-default elementor-section-height-default\" data-id=\"333fac8\" data-element_type=\"section\">\n\t\t\t\t\t\t<div class=\"elementor-container elementor-column-gap-default\">\n\t\t\t\t\t<div class=\"elementor-column elementor-col-100 elementor-top-column elementor-element elementor-element-9743be0\" data-id=\"9743be0\" data-element_type=\"column\">\n\t\t\t<div class=\"elementor-widget-wrap elementor-element-populated\">\n\t\t\t\t\t\t\t\t<div class=\"elementor-element elementor-element-d178998 kurigram-star-rating--align-center elementor-widget elementor-widget-witr_section_title\" data-id=\"d178998\" data-element_type=\"widget\" data-widget_type=\"witr_section_title.default\">\n\t\t\t\t<div class=\"elementor-widget-container\">\n\t\t\t\t\t\t\t\t<!-- title center -->\n\t\t\t\t\t<div class=\"witr_section_title\">\n\t\t\t\t\t\t<div class=\"witr_section_title_inner text-center\">\n\t\t\t\t\t\t\n\t\t\t\t\t\t\t<!--<div class=\"witr_title_lines\"><span class=\"witr_line_shaps\"><span class=\"witr_shape_dv\">Divider <i aria-hidden=\"true\" class=\"fas fa-star\"><\/i><\/span><\/span><\/div>-->\n\t\t\t\t\t\t\t<!-- icon position -->\n\t\t\t\t\t\t\t\t\n\t\t\t\t\t\t\t<!-- end icon position -->\n\t\t\t\t\t\t\t\n\t\t\t\t\t\t\n\t\t\t\t\t\t\t<!-- title top -->\n\t\t\t\t\t\t\t\n\n\t\t\t\t\t\t\t<!-- icon position -->\n\t\t\t\t\t\t\t\t\n\t\t\t\t\t\t\t<!-- end icon position -->\n\n\n\t\t\t\t\t\t\t\n\t\t\t\t\t\t\t<!-- title middle -->\n\t\t\t\t\t\t\t\t\t\t\t\t\t\t\t<h3>Legal Notice and Privacy Policy <\/h3>\t\t\n\t\t\t\t\t\t\t\t\t\t\t\t\t\t<!-- title bottom -->\n\t\t\t\t\t\t\t\n\t\t\t\t\t\t\t\n\t\t\t\t\t\t\t\n\t\t\t\t\t\t\t\t\t\t\t\t\t\t\n\t\t\t\t\t\t\t<!-- image -->\n\t\t\t\t\t\t\t\t\t\t\t\t\t\t<!-- icon -->\n\t\t\t\t\t\t\t\t\t\t\t\t\t\t\n\t\t\t\t\t\t\t<!-- bar -->\n\t\t\t\t\t\t\t\t\t\t\t\t\t\t<!-- circle bar -->\n\t\t\t\t\t\t\t\t\t\t\t\t\t\t\n\t\t\t\t\t\t\t\t\n\t\t\t\t\t\t\t\n\n\t\t\t\t\t\t\t\n\t\t\t\t\t\t\t<!-- content -->\n\t\t\t\t\t\t\t\t\t\t\t\t\t\t\n\t\t\t\t\t\t<\/div>\n\t\t\t\t\t\t\t<!-- inner title -->\n\t\t\t\t\t\t\t\t\t\t\t\t\t\n\t\t\t\t\t<\/div>\n\n\t\t\t\t\t\t<\/div>\n\t\t\t\t<\/div>\n\t\t\t\t\t<\/div>\n\t\t<\/div>\n\t\t\t\t\t\t\t<\/div>\n\t\t<\/section>\n\t\t\t\t<section class=\"elementor-section elementor-top-section elementor-element elementor-element-5a0b047 elementor-section-boxed elementor-section-height-default elementor-section-height-default\" data-id=\"5a0b047\" data-element_type=\"section\">\n\t\t\t\t\t\t<div class=\"elementor-container elementor-column-gap-default\">\n\t\t\t\t\t<div class=\"elementor-column elementor-col-100 elementor-top-column elementor-element elementor-element-2cab9b4\" data-id=\"2cab9b4\" data-element_type=\"column\">\n\t\t\t<div class=\"elementor-widget-wrap elementor-element-populated\">\n\t\t\t\t\t\t\t\t<div class=\"elementor-element elementor-element-01164ae elementor-widget elementor-widget-html\" data-id=\"01164ae\" data-element_type=\"widget\" data-widget_type=\"html.default\">\n\t\t\t\t<div class=\"elementor-widget-container\">\n\t\t\t\n    \nThe website is published by SANTE DEVELOPPEMENT INTERNATIONAL SAS \n<br>\n<br> \n\n<b>Head Office:<\/b><br> \nSant\u00e9 D\u00e9veloppement International <br>\n44 Rue Luis Mariano \u2013 64\u202f200 BIARRITZ France <br>\nIdentification Number: Bayonne Trade Register RCS Bayonne 817\u202f605 116 <br>\nCapital: 5000 euros <br>\n\nVAT Number: FR 28817605116 <br>\nSiret Number: 817605116 00034 <br>\nAPE Code: 7490B <br>\n\n<br>\n\nDirecteur of Publication: Ren\u00e9 Cazetien <br>\nPhone: + 33 (0) 6 74 09 00 80 <br>\nEmail: rene.cazetien@sdi-globalhealth.com <br>\n\n\n<br>\nhttps:\/\/sdi-globalhealth.com is hosted by OVH <br>\n\n\n \n<br>\n<b>Personal Data<\/b>\n<br>\n\nThe Website presents the activities of SANTE DEVELOPPEMENT INTERNATIONAL and its partners. \n\nIt allows any user to send an email to SANTE DEVELOPPEMENT INTERNATIONAL via the contact forms to report any information regarding the use of SANTE DEVELOPPEMENT INTERNATIONAL services or for any other request. \n\nTo enable the processing of these requests, the User must communicate Personal Data that is collected, processed and protected in accordance with this privacy policy. \n\n<br><br>\n<h2>\n1 - Definitions \n<\/h2>\nSANTE DEVELOPPEMENT INTERNATIONAL: a limited-liability company with a board of directors registered at Bayonne Trade and Companies Register under the number 817605116, residing at 44, Rue Luis Mariano \u2013 64\u202f200 BIARRITZ, represented by Mr Ren\u00e9 CAZETIEN. <br>\n\n<ul>\n    <li><b>Website<\/b> website accessible via accessible\u202fvia\u202fl\u2019adresse\u202fhttps:\/\/sdi-globalhealth.com. <\/li>\n    \n    <li><b>User :<\/b> any natural or legal person, professional or not, adult and able to enter into a contract, who browses the Website and in particular who contacts SANTE DEVELOPPEMENT INTERNATIONAL via the forms provided for this purpose on the Website.<\/li>\n    <li>\n        <b>Personal Data :<\/b> personal data that directly or indirectly identifies a natural person within the meaning of the regulations in force.\n        <\/li>\n        \n        <li>\n            <b>Privacy Policy :<\/b> this document details how Personal Data is processed. \n            <\/li>\n                <li>\n           <b> Partners :<\/b> partners of SANTE DEVELOPPEMENT INTERNATIONAL. \n\n                <\/li>\n        \n        \n<\/ul>\n<br>\n\n\n\n\n<h2>2 - Personal Data Collection form \n<\/h2>\n\n<ul>\n    \n    <li><b>\nWhich Personal Data is collected and why? \n   <\/b> <\/li>\n\nTo send an email to SANTE DEVELOPPEMENT INTERNATIONAL, via the \u201cContact\" forms, the User must provide certain types of information as indicated on the form. The information identified with an asterisk is mandatory, the other informations are optional. \n\nIn the context of pharmacovigilance reports or medical information, when the User notifies information on behalf of another person and communicates information concerning the latter, the User undertakes that such other person has been informed of the communication of his\/her Personal Data and his\/her rights. \n\n  \n\nAny User who does not want to provide the necessary information indicated as mandatory will not be able to send an email to SANTE DEVELOPPEMENT INTERNATIONAL. \n\n \n<li>\n<b>Purposes and Legal Basis:  <\/b>The information collected via the other forms allows the processing of requests from the User, the monitoring\/follow-up of exchanges with the latter and the constitution and management of a contacts\u2019 file. \u202f\n<\/li>\n\n\n<li><b>\nProcessing of Personal data<\/b>\nPersonal Data are subject to computer processing by SANTE DEVELOPPEMENT INTERNATIONAL for the purposes outlined above. \n\n  \n\nSANTE DEVELOPPEMENT INTERNATIONAL undertakes not to use them in another frame, nor to transmit them to third parties, except as provided below or with the express agreement of the User. \n<\/li>\n\n\n\n<b>Recipients and subcontractors:<\/b> in accordance with the purposes set out above, the Personal Data of Users may be transmitted to the staff of SANTE DEVELOPPEMENT INTERNATIONAL concerned by the request or Partners if they are concerned by the Users\u2019s request, who can contact the User directly.\u202f \n\n<br>\n\nThe User acknowledges that the processing of his\/her Personal Data by Partners or external recipients is carried out by them, under their responsibility and according to their own personal data protection policy, as data controller. That being said, Partners agree to abide by the terms of this Privacy Policy. \n\n<br> \n\nSANTE DEVELOPPEMENT may also be required to communicate Personal Data to third parties in the context of compliance with a legal obligation, at the request of a judicial or public authority, or pursuant to a judicial, administrative decision, or an independent administrative authority. \n\n<br>\n<li>\n<b>Conservation and archiving:<\/b> SANTE DEVELOPPEMENT INTERNATIONAL makes its best efforts to store and archive this Personal Data under appropriate security conditions in accordance with the applicable provisions, according to the current state of the art.\u202f<\/li>\n\n \n\n\n<li>\n<b>Which rights apply to the Personal Data Communicated?  <\/b><\/li>\n\nAnyone who has communicated Personal Data to SANTE DEVELOPPEMENT INTERNATIONAL using the contact form has the following rights:\n<ul>\n\n<li>A right of access and rectification; <\/li>\n\n<li>A right to the erasure of data, a right to the restriction of the processing, a right to object to the processing and right to obtain the portability of the raw data provided to SANTE DEVELOPPEMENT INTERNATIONAL in the cases envisaged by the regulation in force; <\/li>\n\n<li>The right to define guidelines regarding the fate of his\/her personal data following his\/her death; <\/li>\n\n<li>The right to lodge a complaint with the competent authority (in particular the CNIL in France). <\/li>\n\n <br>\n\nThese rights can be exercised by contacting: contact@sdi-globalhealth.com \n<br>\n<br>\n<\/ul>\n<\/ul>\n<h2>3 - Cookies <\/h2>\n\nCookies (files containing information relating to the User\u2019s browsing on the Website) are stored and read on the computer or the device used during the visit. The deposit of cookies other than those necessary for navigation on the Website (or analytics cookies benefiting from an exemption of consent) is subject to the prior consent of the User, requested by means of the banner provided for this purpose. The User may withdraw his consent at any time via the cookie manager included in the banner. \n\n<br>\n<br>\n<h2>4 - Final provisions <\/h2>\n<ul>\n<li><b>Links : <\/b>Websites directly or indirectly accessible from links provided on the Website are not under the control of SANTE DEVELOPPEMENT INTERNATIONAL. Therefore, the latter disclaims any liability with respect to the content of these third party websites. \n<\/li>\n<li>\n<b>Copy : <\/b>The texts written on ww.sdi-globalhealth.com are the property of their authors. The texts and the photos are the property of SANTE DEVELOPPEMENT INTERNATIONAL. Beyond the legal obligations, the information can be modified at any time.<\/li>\n\n<\/ul>\n\t\t<\/div>\n\t\t\t\t<\/div>\n\t\t\t\t\t<\/div>\n\t\t<\/div>\n\t\t\t\t\t\t\t<\/div>\n\t\t<\/section>\n\t\t\t\t\t\t\t<\/div>","protected":false},"excerpt":{"rendered":"<p>Mentions L\u00e9gales et Politique de Confidentialit\u00e9 Le site internet est \u00e9dit\u00e9 par SANTE DEVELOPPEMENT INTERNATIONAL SAS Si\u00e8ge social : Sant\u00e9 D\u00e9veloppement International 44 Rue Luis Mariano \u2013 64\u202f200 BIARRITZ France Num\u00e9ro d\u2019identification\u202f: Registre du commerce de Bayonne RCS Bayonne 817\u202f605 116 Capital: 5000 euros Num\u00e9ro de TVA intracommunautaire\u202f: FR 28817605116 Siret Num\u00e9ro\u202f: 817605116 00034 Code [&hellip;]<\/p>","protected":false},"author":1,"featured_media":0,"parent":0,"menu_order":0,"comment_status":"closed","ping_status":"closed","template":"template-home.php","meta":{"footnotes":""},"class_list":["post-21095","page","type-page","status-publish","hentry"],"_links":{"self":[{"href":"https:\/\/sdi-globalhealth.com\/en\/wp-json\/wp\/v2\/pages\/21095","targetHints":{"allow":["GET"]}}],"collection":[{"href":"https:\/\/sdi-globalhealth.com\/en\/wp-json\/wp\/v2\/pages"}],"about":[{"href":"https:\/\/sdi-globalhealth.com\/en\/wp-json\/wp\/v2\/types\/page"}],"author":[{"embeddable":true,"href":"https:\/\/sdi-globalhealth.com\/en\/wp-json\/wp\/v2\/users\/1"}],"replies":[{"embeddable":true,"href":"https:\/\/sdi-globalhealth.com\/en\/wp-json\/wp\/v2\/comments?post=21095"}],"version-history":[{"count":9,"href":"https:\/\/sdi-globalhealth.com\/en\/wp-json\/wp\/v2\/pages\/21095\/revisions"}],"predecessor-version":[{"id":21105,"href":"https:\/\/sdi-globalhealth.com\/en\/wp-json\/wp\/v2\/pages\/21095\/revisions\/21105"}],"wp:attachment":[{"href":"https:\/\/sdi-globalhealth.com\/en\/wp-json\/wp\/v2\/media?parent=21095"}],"curies":[{"name":"wp","href":"https:\/\/api.w.org\/{rel}","templated":true}]}}