{"id":20940,"date":"2023-05-17T16:44:44","date_gmt":"2023-05-17T14:44:44","guid":{"rendered":"http:\/\/sdi-globalhealth.com\/?page_id=20940"},"modified":"2023-05-23T03:26:20","modified_gmt":"2023-05-23T01:26:20","slug":"altasell","status":"publish","type":"page","link":"https:\/\/sdi-globalhealth.com\/en\/altasell\/","title":{"rendered":"Altasell"},"content":{"rendered":"<div data-elementor-type=\"wp-page\" data-elementor-id=\"20940\" class=\"elementor elementor-20940\">\n\t\t\t\t\t\t\t\t\t<section class=\"elementor-section elementor-top-section elementor-element elementor-element-333fac8 elementor-section-boxed elementor-section-height-default elementor-section-height-default\" data-id=\"333fac8\" data-element_type=\"section\">\n\t\t\t\t\t\t<div class=\"elementor-container elementor-column-gap-default\">\n\t\t\t\t\t<div class=\"elementor-column elementor-col-50 elementor-top-column elementor-element elementor-element-9743be0\" data-id=\"9743be0\" data-element_type=\"column\">\n\t\t\t<div class=\"elementor-widget-wrap elementor-element-populated\">\n\t\t\t\t\t\t\t\t<div class=\"elementor-element elementor-element-121fe1b elementor-widget elementor-widget-witr_section_carousel_image\" data-id=\"121fe1b\" data-element_type=\"widget\" data-widget_type=\"witr_section_carousel_image.default\">\n\t\t\t\t<div class=\"elementor-widget-container\">\n\t\t\t\t\t\n\t\t\t\n\t\t\t\t<!--======  START wittr_car_top_right ======-->\n\t\t\t\t<div class=\"carousel_imagess_area\">\n\t\t\t\t\t<div class=\"imagess_id1\">\n\t\t\t\t\t\t\t\t\t\t\t\t\t<div class=\"col-lg-12   carousel_pdding0\">\n\t\t\t\t\t\t\t\t<div class=\"slide_items false\">\n\t\t\t\t\t\t\t\t<!-- image -->\n\t\t\t\t\t\t\t\t\t\t\t\t\t\t\t\t\t\t\t\t\t\t\t\t\t\t<img decoding=\"async\" src=\"http:\/\/sdi-globalhealth.com\/wp-content\/uploads\/2023\/05\/spallian_2.jpg\" alt=\"\" \/>\n\t\t\t\t\t\t\t\t\t\t\t\t\t\t\t\t\t\t\t\t\t\t\t\t\t\t\n\t\t\t\t\t\t\t\t<\/div>\n\t\t\t\t\t\t\t<\/div>\n\t\t\t\t\t\t\t\t\n\t\t\t\t\t\t\t\t\t\t\t\t\t\t<div class=\"col-lg-12   carousel_pdding0\">\n\t\t\t\t\t\t\t\t<div class=\"slide_items false\">\n\t\t\t\t\t\t\t\t<!-- image -->\n\t\t\t\t\t\t\t\t\t\t\t\t\t\t\t\t\t\t\t\t\t\t\t\t\t\t<img decoding=\"async\" src=\"http:\/\/sdi-globalhealth.com\/wp-content\/uploads\/2023\/05\/spallian-1.png\" alt=\"\" \/>\n\t\t\t\t\t\t\t\t\t\t\t\t\t\t\t\t\t\t\t\t\t\t\t\t\t\t\n\t\t\t\t\t\t\t\t<\/div>\n\t\t\t\t\t\t\t<\/div>\n\t\t\t\t\t\t\t\t\n\t\t\t\t\t\t\t\t\t\t\t\t\t\t\t\t\t\t<\/div>\t\t\t\t\t\t\n\t\t\t\t\t\t\t\t\t\n\t\t\t\t<\/div> \n\t\t\t\t<!--====== PART ENDS ======-->\t\t\t\n\t\n\t\t\t\t<script type='text\/javascript'>\n\t\t\t\t\tjQuery(function($){\n\n\t\t\t\t\t\t\/*====== Slide Slick =======*\/\n\t\t\t\t\t\t$('.imagess_id1').slick({\t\n\n\t\t\t\t\t\t\tinfinite: true,\n\t\t\t\t\t\t\tautoplay: true,\n\t\t\t\t\t\t\tautoplaySpeed: 3000,\n\t\t\t\t\t\t\tspeed: 1000,\t\t\t\t\t\n\t\t\t\t\t\t\tslidesToShow: 1,\n\t\t\t\t\t\t\tslidesToScroll: 1,\n\t\t\t\t\t\t\t\t\t\t\t\t\t\tcenterMode: true,\n\t\t\t\t\t\t\tcenterPadding: '',\t\t\t\t\t\n\t\t\t\t\t\t\tarrows: true,\n\t\t\t\t\t\t\tdots: true,\n\t\t\t\t\t\t\tresponsive: [\n\t\t\t\t\t\t\t\t{\n\t\t\t\t\t\t\t\t\tbreakpoint: 1200,\n\t\t\t\t\t\t\t\t\tsettings: {\n\t\t\t\t\t\t\t\t\t\tslidesToShow: 1,\n\t\t\t\t\t\t\t\t\t\tslidesToScroll: 1,\n\t\t\t\t\t\t\t\t\t}\n\t\t\t\t\t\t\t},\n\t\t\t\t\t\t\t\t{\n\t\t\t\t\t\t\t\t\tbreakpoint: 992,\n\t\t\t\t\t\t\t\t\tsettings: {\n\t\t\t\t\t\t\t\t\t\tslidesToShow: 1,\n\t\t\t\t\t\t\t\t\t\tslidesToScroll: 1,\n\t\t\t\t\t\t\t\t\t}\n\t\t\t\t\t\t\t},\n\t\t\t\t\t\t\t\t{\n\t\t\t\t\t\t\t\t\tbreakpoint: 768,\n\t\t\t\t\t\t\t\t\tsettings: {\n\t\t\t\t\t\t\t\t\t\tslidesToShow: 1,\n\t\t\t\t\t\t\t\t\t\tslidesToScroll: 1,\n\t\t\t\t\t\t\t\t\t}\n\t\t\t\t\t\t\t}\n\t\t\t\t\t\t\t\/\/ You can unslick at a given breakpoint now by adding:\n\t\t\t\t\t\t\t\/\/ settings: \"unslick\"\n\t\t\t\t\t\t\t\/\/ instead of a settings object\n\t\t\t\t\t\t\t]\n\t\t\t\t\t\t});\n\n\t\t\t\t\t});\n\t\t\t\t<\/script>\t\t\n\t\t\n\t\n\t\t\t\n\t\t\t<\/div>\n\t\t\t\t<\/div>\n\t\t\t\t\t<\/div>\n\t\t<\/div>\n\t\t\t\t<div class=\"elementor-column elementor-col-50 elementor-top-column elementor-element elementor-element-42bc15f\" data-id=\"42bc15f\" data-element_type=\"column\">\n\t\t\t<div class=\"elementor-widget-wrap elementor-element-populated\">\n\t\t\t\t\t\t\t\t<div class=\"elementor-element elementor-element-62a14a2 elementor-widget elementor-widget-witr_section_t_widget\" data-id=\"62a14a2\" data-element_type=\"widget\" data-widget_type=\"witr_section_t_widget.default\">\n\t\t\t\t<div class=\"elementor-widget-container\">\n\t\t\t\t\t\t\t\t<!-- text widget center -->\n\t\t\t\t\t<div class=\"witr_text_widget\">\n\t\t\t\t\t\t<div class=\"witr_text_widget_inner\">\n\t\t\t\t\t\t\t<!-- text widget top -->\n\t\t\t\t\t\t\t\t\t\t\t\t\t\t\t<h1>Our customers<\/h1>\t\t\n\t\t\t\t\t\t\t\t\t\t\t\t\t\n\t\t\t\t\t\t\t<!-- text widget middle -->\n\t\t\t\t\t\t\t\t\t\t\t\t\t\t\t<h2>Altasell<\/h2>\t\t\n\t\t\t\t\t\t\t\t\t\t\t\t\t\t<!-- text widget bottom -->\n\t\t\t\t\t\t\t\t\t\t\t\t\t\n\t\t\t\t\t\t\t\n\t\t\t\t\t\t\t<!-- content -->\n\t\t\t\t\t\t\t\t\t\t\t\t\t\t\t<p><p><span class=\"TextRun SCXW3699600 BCX0\" lang=\"FR-FR\" xml:lang=\"FR-FR\" data-contrast=\"none\"><span class=\"NormalTextRun SCXW3699600 BCX0\"><img loading=\"lazy\" decoding=\"async\" class=\"alignleft\" src=\"data:image\/png;base64,iVBORw0KGgoAAAANSUhEUgAAALAAAACCCAYAAADmBUL4AAAAAXNSR0IArs4c6QAAAARnQU1BAACxjwv8YQUAAAAJcEhZcwAADsMAAA7DAcdvqGQAACJ7SURBVHhe7V0JgBxVmf5fVXXP3TOZZK4+ZpJwCMgtIJFlAVcEBVdExRXJASJZcdldYZdF0Y2rXApxhYVsWDGQhAhmAdcDUTxYwCUECYQAASEJyfQxVw4yM8lMH\/Xefn91TUhPV8+RpHu6Z+pL3tSrV1Xv\/N7\/\/v+9V9WCpioWtwuarvuItFrSPXUkRD1Js56UaiJNhIhEkJQ8Cuc4qmoSpNlPjg0eL9X+fIXH9\/vVHml4lR16oBDCTAwgHznjESQ0XD8rvP35P9lBUwJTi8BPKUHh7gbS9FacHUaG92hKJT9EMnUcwmpAgDI4HdfsegFfLMocAP8sAj9Atb9ZRcrw2oH5gxAC\/U2dHt6+Zq0dNCUwPqlSqlj0mkb3dx5P4Z7rSPd+Hy29BG4pyLsIV88FP5vJTFVBAhsIZyaAs+yYuAdAXsYBPuZifJj8BH5wx+l0RPMtVF6xBKPsjWQmP09SngpXBz9ZzmVbyWLyEXhZp06rdlbRgz1H0oqeR0Hax8g0r6bk4IdImXWQrFNj1JkimFyNuWJ7BZWXzYFvMYi7FsbYxSBuCyQs67dQDVxJO9kweQi8vDtIhnEVSAr91lwI\/RYqQoqtG\/sGF5MRpU\/ge5VGK3ecBh33DjITN4G0x0FlsC+6mOwobQL\/qLOcKndcClXhTkrGL4JhVm3NHriYMihdAq\/cHiCPfiP023vITJ4KyVtmX3ExhVCaBF6+vQ267fdI0NdJmj578cHFFETpEXh591Gka9+B71KQt\/R1eBcHhdIiwIquY8kwvg0993PpBQgXUx2lQ+AVHYeTbnwNUvc8kqn8by5wURIoDQLfH2kgzfNN6LqsNvjsUBcuSoDAK7vLyfBeT0KbZy1MuHCxH4qbwLyLTNEVJMR8SiXsQBcu3kNxE3h248kg72Uk5XQ7xIWLDBQnge\/dLOjB7jbyln0BBD4Zum9p6OouCo7iJIa3shxZ+xSlkgvdFTYXI6E4CezxvA9S9zJSZoUd4sKFI4qTwEpeBdXhAyCxHeDChTOKj8DLokEi8XmS7pZIF6OjuAj8w04vecq+AV+dK31djAXFRWCDTiNv+fmu9HUxVhQPgZe+a5DH+CglBprsEBcuRkXxELhy0E+adjIMuCKZNoMKw+\/TaTqR7oEzcD6O6sKjIpUikYgXwA2mjyb+TDEUzxuPKzrnk9C\/BwI3Tqj+y6QVmgJx4yRTvSRlFwLexRXuWE0g8jQcK6Hm8EdQ+AlngPgVb6yjstdfSJM\/L7Dqib\/EAo8mKtY9c7+2d\/dWBFlX8wlBAunQ6nDP8xO6xl8cBL6\/YzpVVN1IZuqrE7bnQYgEecp7wIWXyRxcTgNxME\/00FWtA\/YdRPdGNdxXC109RN6yT8E\/F6FB5Jm3d2bXpQaJzRK8ENB01Xzr1eTt3FaQNlWknsbfz4a71\/TYQROC4iDwys6TIKb+A+Q5Y0Spli8IrQtkewrp\/5ikeormN\/bbV3JjVVSQ1EPIN0YO8dd49iRI5Yl7tQkEbrr9GtPbsS1f4j4DEPlP4fC5SM\/EEnjideAVr2A0MthwO6zg5LV0XG03Gn8xmuQ62rvtl2MiL+MLAUVzm9spqW5Da\/4DOsETUBXc10QKjIknsGzwgEiz4RrskMIgrevuAvkWUlLeQ5c1xGjhKeNXvq9oTNLcGc9BX74GET5WMJXBhYWJJzDrlBKqgxAFbHnWnASMM\/lleH5NlzfstYIPBvOatkKF+Aok+tr8GW0uhmPiCUyigpT54cJ9TYfVBn0Q7j6Km7+ieY277QsHj3mNO6AL\/z3cq3aIizxj4gmsG9NBpqaC6b8wvUjX11Eqvpqu9PfZoYcOg4OvgsAPoVx77BAXecTEE1ipVjR2AWdDxCCZqYdogX+DHXBocWVwAPE\/At36WUvau8grioDAMkCygLMPurEduu+T9ll+kBjYBO5yGq4UzjOKhMAF0n8ND1EysYHmNr1th+QHCw9TlEw9jfTQWVzkE8VgxDUUTALzngZNPGyf5RciuQVS+NDr2C4yMPEEFqLaWtcpBFJJRZr2on2WX1Tu7oW077GWk13kDUVAYL1wu8+kGUdfKczS5yXHSqQVdRc28osiEA8FfGVeEH\/ap4C75dVeTtRF\/lAMBC4coZTwkq4VcJlM8K8i2X4X+cDEE1hS4TZh67oXakTIPssvlrzLO+ALO0U4BVEEElj2WRtrCgHWR6U80z7LL8oHGsnjmeFK4PyiCAhMO8b1qs7BgDfLK7qIPrs6\/z1Go2OgHVXaZy7yhIknsBCFs9QlbDjDczxdeOb77ZD8YHm7Qd6yj5Bp1tohLvKEYpDA4cLNlULwplI+0ssuofsiHjvw0EN4TsSoMgfO\/Rh3nlEEBBbvgFSF\/BCEF3rERdBPT7LPDy1+FPORMP6GkonTXP03\/5h4AktzF1ykYHowr\/pJ8yhI\/a\/Qiq5mO\/DQYEWHTl7jw0jjElKq3A51kUdMPIE16iNdf6GgK1ZKekg3LiGjbAEt7zl0PxijtOMwoiwCeUNWR3GRd0w8gZXZjz+\/BqkKO94m4+WUStxMunYrreyus0MPDA90lNPy2BmQ6j9DOU4Ege0LLvKNiSfw\/KCE+tAOX+G3HiqpQfpfi2q4g5Z3H0Ere8Zv2K3obiXD8xnSjKWIMOSSt7CYeAIzUontJMRbhdOD90NiELxTl4PIP0b6f0cru46jVdtHJ\/LKyDRI7guhinwNasOdJNWxJGX2\/LL19nMhnJWYlWSBMJTohGLic8B4oKOevBU3kkxdO2E\/pcUkILELhNxEZvJNEPJJ0sVzNBCPUbQ3Tqc1arQ16aNK\/WgS6mPkLZ9DqeQs1GArOoDhJHn522i4x447z9A01XTXv\/R6YlsL06ZCPIsSL4j0PDehm\/aLg8CMB7o+QYb+IzLNBohEO3CCIDRJnrK9UDH2oEPtQS0NIksYHkQF1IVKdLRKkLwiHZYDhpd8T6yi6md\/kX4TJN9AJ0lNa\/xI2TtvvGWH5BtJpNkb7nnu4D9JcBAoHgIvi86AVLsX5LgI0qw4VJuDAQhc+4sHqPY3q0jBn28IEFhJdXp4+5q1dtCUQPEQJUk70QJrSejvfUzPhYtRUDwEXhiQZCZ+CWMqZoe4cDEqimuoVgkYT6lH3PfIXIwVxcWUy2dJSonFpHn4g9IuXIyK4hN1C2bsgCqxDJa7uxPGxago1rF6MUnz+YLMn7ooaRQngVOihyStIqH1uiR2MRKKk8D80WhTLoPvUThXlXCRE8WqQoDEzYNkJm+GFH7K\/TiIi1woXgIzFvg3k1Q3ke6J2iEuXGSguAnMmN\/4vyRTi0jTXFXCRRaKn8AMaf6CFC21Ntm4cLEfSoPA85q6QeJvkbdiNXnyvzHGRemgNAjMWNDSQ\/GBfyIztYR03f3yuQsLpUNgxvxGGHPmLeQpW0qabrpzxC5Ki8CMuS1RGuy9g0jcTEJ3fxlziqP0CMyYH+wkGV+M3H8H0rjHnSeeuihNAjPmB3opufdmMpNfAoFfgDpRyK\/7uCgSlC6BGQtaJc1t\/BnFk5eAxHeT4XV\/VGWKobQJPIQrmraRTP4zSfMG0o0\/kO7ZQxPxir6LgmPytPK8Fhh08r\/gu5p07dskaCuMPPcrI5Mck0tMzW1K0WUz\/kypxJ0k5cWk1K2WWlGAt4JdTAwm5zg7tylO85tfpvmNN1LKnEWmhGrheRauA7qydGctJg8mv6I4v2EHlU\/\/HiXMC0nJBURiCXkrniXN4A9rD1qLIUxod1GkJDH1Wu3+HgOlnk06vY90PQjDrw0G30lQOY4hRU1kGB6LzPxxaskqNNyBaNIeL9X+bBnV\/nql9ZGTQ4MRmgt5ltKcE9n+\/PN2yJTA1BU7q19D2adrlFBlZGrTQeIZCJ0ONaOJhAqAwDNA4Gro0fyhaib9+IB+UPuLlbrvyYd0pR88gYVM8qrjSF1JaErdtG37mj\/b51MCU5fATrh3s4BqoZMO9mlSJ2FoILFmSeTx1pRuUMWGtaL+gdvgPwQETg0oMUImFP7hajzcs8b9spELFy5cuHDhwoULFy5cuChOTOgsRGtra7k0zTN5CtMO2gdY1b1Kqc3RaMdOO8hFiSIYDHwARMv+JShr8UhuQmtHw+GOrN+WCAUDh+EwCy5r+lCQ4g9AbpxQAre1tQWkmXoO3op0yD5wvrZJpRZFo7HH00EuShXBQGA5uPpxeDOIKAAE\/EgpeWskEtttB1sIBAKapom\/ARHuhiAbTm7mx+twCyZ0KRn51+C4ZzYMczOQxWkodBn8Lkof1XC8UJTdzqSqQNAsQcrkRiC3\/zQ4h+eYN6KovyTNvXWklScXJYMsfloAce0WPvBmnnSbedr8\/rLWoL8BetdRTU1N7j7KSY6SJ7AfhA0FmoMg7KmhUPAiqYkrMP58H33+EcPQj7VvczFJUdIEDgb8R+i6+Deh6XeBsEsxJt2L4LswMl0GDeowQaIAP9DmYiJR0gQGSQNQn+aBsJ\/C6clwjXAGXwNc\/XkKoKQJ7DLUxaQz4lxMLbgEdlHScAnsoqThEthFSSNjiWR2S4uR0EW1IFWLSy2KRCuOM4VSh5NQzYJEDZ7QYPXHceyGFbUFEbyBRzcqQZHEtOk7uzZsGLNtNXPmzJA0U68ppXx20HsQtBnh\/xyJxH5qh1Bba6gOYdORALKoeCXnRCHEPbjEsw8ZQPgg7psH78vpkEzgeqqhobF93bp1WRuJ\/H6\/BlQgkSrEMR0FDipN8MaS2Ug0iKfrUe5KZMFETnjTEf++89uI9DVpmq9qQtsVicUGrcgOAMGgv1oj0QTvsUjjOBwPh2tGWpU4JpH+u2iPCK5tRN7eMhW9o+l6ZzgcPqA0p02bplVXVqK9qU0IdQLiR5po93T5Oc7taOu3UeZ1pGmvS1N1RWKRMX+jORgIPop4L7ZPh+NuqcxvRqOdGb\/OGgwGdU1Y7bcM9ZsOzIB4BX8utgg8a1ajYZqeI4WiE6WicxHErhmNjPrJXqfeH7gHtygQWvwWhL8bD7zYHomMaQfZeAkcCga+hMPtCLf2SCBtzhuvtjnlkUud4MylT4dBCJBOzI9EIn+0Qyy0tbRUKkM\/G08diyguQBB3El7L54KOVBcK90nc0w7\/chx\/ig7\/VjgaHTOp0Gg1SOB4lOpjSskvo\/q5w+YcJe265w7YhbOfo0vzxqd1Xm9Z15YtW0b9OYbW1lZdyhQ6Jc1BXF9E0Bw4noZ0LKddvh3w3Y\/a+OmePRUv7ty5KWsX2XDkk8BW5aBdvCjEFSjxfThdABeA0\/HgSA1mwb6nHJ5PCCUfRtHvCoWCJyEDeVBPFFduOSrScvAzkXPlkcPLhu7NctY1lfWFE6lpLTj8F9L6Lo5\/CedDGUftyACzieObBeJ+A2msQg6u4YZIXx4ZoZC\/Bg02H94lcF9DdPWcrnUxB+w8cfx+nP0tTpaB\/LckEgmW3iOCVzCVND+KvN6GvC5FEJeVF35yltPOTwN81+O5ZVWVAzdxp0tfnRjYBLbUghqQ+GD3DvDOoc8hnsWaYPWj9AAxyo2YPSKMA5CE3NGOhcj6V43UNenQ3Gjz+w2hxIUgyLfw9PGjEXcENIBYH8JxxPyDdFWaJq6ElzvLRXDDt7OOCuTxaBwWQs34ZiAQqE+HFh6HXEqiYAakwFkY2e63g6YulKoGiW8MBgK5hk8LStcCUN1uhnd6OiR\/4H22ELEfh9RdhNOZcAfDAd4K+1VEeF1bW9uEbH0dKfOsePBHo\/mDGvytgX7bsU7Heo+zbgmwBEEFnR0K+HmJdzKAy8plTsDthePvEHNd8PmIuibqYgak3VfaWv2sljkCiuUncQ+\/eeAICIR3YVS+Be96ZGQdjq\/ifBPcDtQzt8eo+u4QoDZ9ELl6EBnjfbVOSCLOCPTvVzktpP0Kzlmvz6XLG+gQ81Uq9RH7vKDIIDAyavuIv+7yJNzDUC3uQyPciULfoqT6DvysG7LO9Ds4KPTOwH0kNHFVQ0PDmHTAsUFsxx+e9eDd+Oy2wuUyIrhRudGH7s10gt5GFnP+xgbqgkm7C+5PcP+DqrkfZboHjo3Im6VUtyD8Ltz4II78OaecceH+46RpGUiOQK3P4frKgU5cu9uUqU+UlVecEolET0kkU6eZUp2XMuWXce3fcc9quDetuxk5ooLqUItyXQ9vLlVxG9zDaOd\/wvEcTstbZn6QhDwfUX4bz3J9ZgHXAijEvJC\/JVenyBssxs6a1VJlprRvwns0MvMscoQGVsis3mOaZjwWi7Gk2Vcth9XXe5JVlTNQeZ9EDP+IK++zL2UABe5QpjwnHIs5fu5ovLMQwaAfOrZ4P8hk5RvXT4L3X+F1GnrjuOMryIRzpYO8iGdzOBztsYMshPz+I4WuPYQEnoFkfA2F3qBpcqs+aPbHDSOButj3Uwb19fVaZWUl9Ed5NIYckIkuRTAblxlAXFx3N5kqdUs02pUlyULB4O9xy4ft032wBcrD6CzXRqLRDitwGFpaWvjThD5I4yNIE+chpbNh210djoazyh0KBhYgzu+j3thWGY7NuPYDSJ0fQ+jsWrdu3b72tnAWidBm\/8dR30twIcu+QU53QQ26wJRybUdHR8aIkM9ZCEs6VlSUmRppTLI\/oAC\/DUeib\/b29u3q7e2N9\/X1Zf32xK6BAbm7t7ff56vZAONjAPV8GoJ5qikDqBBNkfxzb18\/D3tZqKurq4WufDW82fqTsKTfb5GPfZIF\/kG49iHn8\/kqUHFshGRZwkg7iYJ\/Fx1gzf7P7OcicKwOZKCmomIAI8caEOHxcDT6R9wT2727f++7e\/akUBcZNTkwMKBQR0m+p9ZX8wJSPRXBs9NX3wPyyOKcH\/6\/vr5+LlcGamtrePYhlwrRgQh+jTQyGngI\/f39qre\/f3B3X1+suqZmLYyql1NStiOchc4+gBDT0MmuQZ18AKfDVcck8vYTSNrF6NC7QUA7eD9ANiMPb\/tqfOXIz1kIGT6ylqGcL+lCrEdeMgiMdvocOMJGnxNegNH7FOolo2PjGWSXToD3k+mQ4RBd+PMTqyAdHTtkONrRHo7E3g6HI5BcYwPIkdAM4yEUfhNOMxrXRhk6xPtt\/wRg\/L8zEO3u3huOxl5qj2ZK5tHQHol1Ir274c3SR+2KORydit8LcwIvhOTCuSDGD4LBwBlwtYG2wNB20SxEo9E48r4eBMz+rRClZoK8IfiyVDrka0AKtSQcdnguG\/8LtzntzYCmhPi4TM\/iFAyom2zAohSpVKoKrc8vVvJqTBUqwLDHNIk\/0DvFAKTrHhy5fXgj+flww+Pjxnxo78DgvB07dmQ17HhViOFAg56NBH8ML8\/dZsBqFKnOwdC71g46IGCI9no0rQoRToekYIlfjgKnSSBQD9JalYxD3ejXhHYMmPJLXHGyyJmkczG6\/SF9+h6gGs3HszxUjtThWEL9DrLzIaT5OvKyUzdV97aOjjEJnNZg8EI88x\/w8sxDJhRF0Dg8eoza4aEKHAE14nvw8qg7HFvgTkQZMzpC3lfi9off768xNPEJ3HAcCsxLmNxreWKch2kuIBtNvIzIq23doDSMDKswPERkERjXHvGWlX1hy5YtWcZWMRO4tbXVI03zFMRzOtI4EnXBej6nUws3RFCeneHGYmOWV8NQRquhnKRkNyrjsmg09lv7fB+CAX8T0uFyZOnB+yMtP8hEvURwfAVn6+F\/WQl6BvU04uon9N\/LcWCDj\/M\/HDtBkd\/gmCWdHcCrhafg6GSw8cxMEATOeEU+7ytxDEgaHcbEuXhqGU4Xo8FuwPEzcB+E417LhtLQK858zm9AnI+4eeUOkieLvEMQMARtb2kg4Pc3kJQ3aJrgGZdbUBd\/i+M5cEfBMYl54p4dT41x2BlwaCB1CY45hngMsHD2SQZg\/HAHuBkE3ZAOcQY3JByTrA3ur9Gs3wCr74L0XgopflVbY6uTcWYBz\/FiBe+lcALv7fg83CVjcB\/D\/blmG3KqN\/mCReCmpqZyQ9dvQA3fiVOumGYOn4oIBAJNIO4jSqhr0ehnoumzZhUONWKxWIpVC2XKK0Hil+Cy1K0c4PYLIZ+fxrD+fek1\/wf55xHTAYLJNRYJezDgEclJXOYNGqRupddjcM+6DhXBaoDTHCFX6AAqtkvTtHa4MCx1GDmCrfhc87AlB6gkGLes\/SB\/gWbI\/hRSGrwbbCfqIJquC9GBeuHhm3XRsRLPEeFY7E+wO89QUl2I9vgj4uUZi5zzy\/uBiVwF95cYQf8UDAT+iqfXrCs2IP25nfJLLqHe5h0h9llBwIWcjZSvweCUa\/hhfZf1th8qKb+eUuZV0pRfNE31VTxzG7L7MK7xlEZJAzoXb\/CZr0jwFFFG49tgI+pNjMWPoaP\/AHXw91LKy2VKLsRxEcL+E9d5Z9tBkbi9vX0wHI0+ARJ\/GPX9RZCYdeNn4HiRYVRdDPngEeS7IHLmtJwQ3I65VtNYt3nW6jQH7v4Po8Cv4Aoq0ASkzmeROFeSk\/4CqSLuNaW8pa6urmfjxo1ZjQOjz4fKWgUvf\/tqeMOzEfeobhiXbtu2raiNuFAg0Io0eW\/xhemQLKyD\/LqBksk14e5uHnmGSxrRGvSfDQn6BPLtMAuhehB+WSTawSucYwZ3rDQp6VTQ7ASoeWfgnOdHeYRw6mgMJuuNImUuae\/stCR4azBwATLMm3eyFyGE6DOlYt02hrjTgQcAHjGi0WjWfHVejThIfDZAcijf4mUQ5IfQ0bqcyMsoLy\/nCfMitNKU0DRno8kR\/Iq+0xQTgIZhuj4Iyfg7kJfJ4VSjEN6K1YgDZ4ADIpHIIEixLRyOPoKI\/w0S4SqMfPORzM\/sW5zAxtqRUtf3LfCABGGUwnE1D9eELuhMpLMVbf3OgTon8uYb3IN5\/jYL3Gj4\/yoqjPcf5MTB9NhDgJyJI1tlijTHJW5HKMWzLI67wbguNKUyNr47w5oTHzcwkpzQ2tqaS+feB5A5FYlEN0F9exyjxVyU\/h370nBwx\/UjO\/u2Saak2ozM8d4RJ\/CuuauDQT+\/yFBSYAKPsHdUHQ3Rn3OvJwwFIxGP8xxxrji4IofcIQdGjyQiZonoBNgt6uuhoP99s0ItFTNn1lp5mDlzutbS0lYGa70BasN7Fns6h45DMndSKeiED4xQDtRFGQQZzwjkGNZtkeCMq0nJp0Oh4FWhkP8YHBtDoVDOFa2Ojg4lhAHVQPHGplzA6PreSiSe2QMC\/zdykUsKh5C\/FaFg4Hp0qCOCwUaefclZXkZbU1N5KOBvRh2f5G9pHrUD5gN6bW3NB5HPXMu9jbhmVFXVP9ffvzvDAAj4\/S26pl0gNPFVnLIa4rQpmlttp1LymYqKyt6G2trad\/v69sUz3r0Qw+HzVVch\/bPh5XlRJ\/C7fXMwtgek9Bztq\/GdKKV+hq7RuXjuYkiwU2p9vjW9fX1xHHnq8KNwzntyBc3aW1OzyVdXF+7t7d2nTs2c2eytqa49FvFdhtbmusj1NgTEs9hcXlGxtrG+3usrL9d279ljqV61NT7Wuy9AZX0MeToPx6MQ1xG+mppWuPoaX3V5bW1dRW11tQ\/5DNT6atCX1KdRu5\/Hc07TfDwSrJGknuzr69vXwcvLK7bounY8vOycwPtZ2K6YI4TehrRCyNs0HGt8tdXISl0j+DLL5\/OdgLBzlKadjzxciqJdqWlaDG21MR1NJvK5F0Kgx\/EkPRsvOSQHJJwQD6GLbkATvAvVkqfZpqGSj0OvZeLy5pWReiqvVK2B24QW7G2PRr8OvzXUHqwR19zcXO0xdF7W5DKMlAcmHBszTBiWbDryDwEOtUCpT4ejsZ5gIHA4Koy3if4VnBNMSKg3kPGf48HNkLMJ1MU01EkA4achLl6dGu31Gh7Cfw+3naR8LBzreIEDMRIsRe4Xst8G1w\/ndTfibse1bmS3D2lwOPRb1QofL6DkktJsMN8qFd0GvTRjw1IgFDhVI\/E4yj3a1kdOvw\/pRzl9uL0or460eWtBE57njsqE57llTuOKcCT6ExyzkFcjDtdehGekZUjeB8Gvn3wHBbgDx1vheNqII+c3dUciDoMblSXb1cgGv3c12v1jRmdnZz+amnXTznRITnDnZCnPxg03etY7bshbGAeW9rkMUh2Sgl\/0vA5P3o4HUBdqEY7\/iLh4lW408jLYSOSXJxdAKOSSSAzOGxvWvP\/iJMR\/npTyMzh+Fu4CtBm\/qTzCphkRxj0vpVKprB89jDY2v4hR73p01tEMLiZmHdJ\/P5dPSU5Xng\/\/meDDkbjGS9L5XhgZFVrKNF9B490Ofy5dcgicYX59nXvu\/lsn+W1c1qsy1r9z4KDmSJ0g9OTjaIxf2acHDEiqOIb4O1AW7tAjgTsC2wUsgVjd2F\/9gcS0loUztjLmwCGvCxtdINgPQbQnu7q6skXXunUqHk+uhHG+EPXGv7db0tAgxZIQLfeiILzRI+cbFjnQDfc0eueXoB6w\/pe113UYxtNjuW5Hrd\/29u7dpqRFIN5\/4zSX9MwC7udDRn5g5W+VSl6Lizy0j4dgTBTeifUwPOfh+CTiH2lCP6NsGF7X44z3Y495K6sTkCZ0UPWTZIV5ZzQWy9rrPISenh4TqtlqkHguRpMVCIqmrxwwDnKVb9RmzgmrAXfDiKmr8b2KPGxELbBUYYOGhzCnmDmzvKz8FO5dhltu1wxjnZGMv610g9\/R8uP60CQ7Oy4YP7MXsa2Fov8Y\/BZg09WA\/KyKsH7Kw93+jj+c8jsYWI5vVOwPGCp9tXXVa6EVSGj+QyMEl80p\/5wfpCd2wvcshtrfII19BgTyF66pqVmPcphwXA+sdnA5nOLi53hn2M8h8f5dNzz37Nm7N2oYxpt4lq\/zAgs\/zyfsuFOwdIZeqZ7o7e23DNSq6qrXcf96TWjt9nNDnwzIle4QOD7Ow1bctBq33jEYT9zXHekeU0dAWTurq2uegkHwFtLlnWQ8yrKNk6vth2DXIbep4Lp6FCFcj45TrrABYaBSEN7hbcx5Xwtd\/Rk0YUae2YjDAWqWYpuEtYPhz4aRiccyMsnTRF1B\/8mCNBgkio0z1tl4qokrlHtplI0KSKkOZGhdr+7ZuHu\/FbbWYJALfwIa52RE1SilqsZ93GDQt8R2UnI9DCZWvi2EQqEqYZoXSKef2VLoJETrI7HYmKUDjKEKVOaZkCpHIQLOO6868ZIql5M3qPOY2okTkE50ovO8RlK8FemMZEjL+vrDRXlZosbQzTNxPxtLrOsfAcedoxeO8xRG2bYin9sUmWsikc4MOyIUCgQR\/+mwzmeB3EP6IjfELuQmTNJ8MRztzNjIHgw2oZ4N3vh+JPLPDc4qWyPIMQNl4s0NbECxUcxlgWGnoOsK7ujvwBB6aTCe3AEwucYF+03lOpQHbU\/Ir\/UVIG53FkbciaFvK6QLVVFZ+ef0e5DHbuRrqxD6G+FwOOfoGwj4eUsql2cYeKaT3jKluRGaQEYbWHlSsgV18RcokMPIqt5F+HPcsFmYPXu2nkgkPLC2q5FGFW7WcWMc2u4AGiOuNG0Qw23O4XrmzICeSpEXBDbQgFyh\/HqPCT0zI5OMs1CKp22\/A8bdGAxrL6+U\/Gkofs2FG11HTAn4B1NKca9PQEom29vbR1UT\/H6\/R9OoUihRhY5ZDj3Z5LpAnAOalhrwemuSmzZtcsxnS0uLQDqoB8nkRVVoGLVVqqmpKZn1ztl+OOaYY0Rvb6+Be1F\/SFMKL9qhAgTmeKQkLoOIY5AYTKVEatq0acmNGzceUF0NR5vfr6OOvMhrhRKKDcWK9HyywoikDSopuQ3jaPwEyMVtOla1zZFrRKfDPZ8z7yPzg9T\/Ax7CNsebQkwEAAAAAElFTkSuQmCC\" alt=\"\" width=\"116\" height=\"86\" \/><\/span><\/span><\/p><p class=\" translation-block\">Altasell is a digital platform for the distribution of pharmaceutical products designed for pharmacists to safely procure high-quality medicines in Sub-Saharan Africa.<\/p><p><span data-contrast=\"none\">\u00a0<\/span><span data-contrast=\"none\">Altasell is an app that connects all the actors of the pharmaceutical market and allows the ordering and delivery of pharmaceutical products in Africa, more easily, more quickly and in a more secured manner.<\/span><span data-ccp-props=\"{&quot;201341983&quot;:0,&quot;335559740&quot;:259}\">\u00a0<\/span><\/p><p><a href=\"https:\/\/www.youtube.com\/watch?v=-7YJE-kWegY\" target=\"_blank\" rel=\"noopener\"><span style=\"color: #33cccc;\">Discover Altasell digital platform<\/span><\/a><\/p><p>\u00a0<\/p><p>\u00a0<\/p><\/p>\t\t\n\t\t\t\t\t\t\t\t\t\t\t\t\t\t\n\t\t\t\t\t\t\t<!--- repeater content --->\n\t\t\t\t\t\t\t\n\t\t\t\t\t\t\t\t\t\t\t\t\t\t\n\t\t\t\t\t\t<\/div>\n\t\t\t\t\t<\/div>\n\n\t\t\t\t\t\t<\/div>\n\t\t\t\t<\/div>\n\t\t\t\t<div class=\"elementor-element elementor-element-96ccd01 elementor-widget elementor-widget-html\" data-id=\"96ccd01\" data-element_type=\"widget\" data-widget_type=\"html.default\">\n\t\t\t\t<div class=\"elementor-widget-container\">\n\t\t\t<a href=\"https:\/\/www.altasell.com\/\" target=\"_blank\" class=\"witr_btn\">Learn more\t\t\t\t\t\t\t\t\t\t\t<!-- icon -->\n<div class=\"pluse_btn_icon\">\n\t\t\t\t\t\t\t\t\t\t\t\t\t\t<span class=\"icofont-plus\"><\/span>\n\t\t\t\t\t\t\t<\/div><\/a>\n\t\t\t\t\t\t\t\t\t\t\t\t\t\t\t\t\t\t\t\n\t\t\t\t\t\t\t\t\t\t\t\t\t\t\t\t\n\t\t\t\t\t\t\t\t\t\t\t\t\t\t\t\t\t\t\t\t\t\t\t\t\t\t\t\t\t\n\t\t\t\t\t\t\t\t\t\t\t\t\t\t\t\n\t\t\t\t\t\t\n\t\t\t\t\t\t\t\t<\/div>\n\t\t\t\t<\/div>\n\t\t\t\t\t<\/div>\n\t\t<\/div>\n\t\t\t\t\t\t\t<\/div>\n\t\t<\/section>\n\t\t\t\t<section class=\"elementor-section elementor-top-section elementor-element elementor-element-b0be812 elementor-section-boxed elementor-section-height-default elementor-section-height-default\" data-id=\"b0be812\" data-element_type=\"section\">\n\t\t\t\t\t\t<div class=\"elementor-container elementor-column-gap-default\">\n\t\t\t\t\t<div class=\"elementor-column elementor-col-100 elementor-top-column elementor-element elementor-element-030714a\" data-id=\"030714a\" data-element_type=\"column\">\n\t\t\t<div class=\"elementor-widget-wrap elementor-element-populated\">\n\t\t\t\t\t\t\t\t<div class=\"elementor-element elementor-element-03ece83 elementor-widget elementor-widget-spacer\" data-id=\"03ece83\" data-element_type=\"widget\" data-widget_type=\"spacer.default\">\n\t\t\t\t<div class=\"elementor-widget-container\">\n\t\t\t<style>\/*! elementor - v3.12.1 - 02-04-2023 *\/\n.elementor-column .elementor-spacer-inner{height:var(--spacer-size)}.e-con{--container-widget-width:100%}.e-con-inner>.elementor-widget-spacer,.e-con>.elementor-widget-spacer{width:var(--container-widget-width,var(--spacer-size));--align-self:var(--container-widget-align-self,initial);--flex-shrink:0}.e-con-inner>.elementor-widget-spacer>.elementor-widget-container,.e-con-inner>.elementor-widget-spacer>.elementor-widget-container>.elementor-spacer,.e-con>.elementor-widget-spacer>.elementor-widget-container,.e-con>.elementor-widget-spacer>.elementor-widget-container>.elementor-spacer{height:100%}.e-con-inner>.elementor-widget-spacer>.elementor-widget-container>.elementor-spacer>.elementor-spacer-inner,.e-con>.elementor-widget-spacer>.elementor-widget-container>.elementor-spacer>.elementor-spacer-inner{height:var(--container-widget-height,var(--spacer-size))}<\/style>\t\t<div class=\"elementor-spacer\">\n\t\t\t<div class=\"elementor-spacer-inner\"><\/div>\n\t\t<\/div>\n\t\t\t\t<\/div>\n\t\t\t\t<\/div>\n\t\t\t\t\t<\/div>\n\t\t<\/div>\n\t\t\t\t\t\t\t<\/div>\n\t\t<\/section>\n\t\t\t\t<section class=\"elementor-section elementor-top-section elementor-element elementor-element-277dabc elementor-section-boxed elementor-section-height-default elementor-section-height-default\" data-id=\"277dabc\" data-element_type=\"section\">\n\t\t\t\t\t\t<div class=\"elementor-container elementor-column-gap-default\">\n\t\t\t\t\t<div class=\"elementor-column elementor-col-100 elementor-top-column elementor-element elementor-element-bcd0812\" data-id=\"bcd0812\" data-element_type=\"column\">\n\t\t\t<div class=\"elementor-widget-wrap\">\n\t\t\t\t\t\t\t\t\t<\/div>\n\t\t<\/div>\n\t\t\t\t\t\t\t<\/div>\n\t\t<\/section>\n\t\t\t\t\t\t\t<\/div>","protected":false},"excerpt":{"rendered":"<p>Nos clients Altasell Altasell est une plateforme num\u00e9rique de distribution de produits pharmaceutiques destin\u00e9es aux Pharmaciens pour la vente s\u00e9curis\u00e9e de m\u00e9dicaments de qualit\u00e9 en Afrique subsaharienne.\u00a0 \u00a0Altasell, est une application qui relie tous les acteurs du march\u00e9 pharmaceutique et permet de commander et livrer des produits pharmaceutiques en Afrique, plus facilement, plus rapidement et [&hellip;]<\/p>","protected":false},"author":2,"featured_media":0,"parent":0,"menu_order":0,"comment_status":"closed","ping_status":"closed","template":"template-home.php","meta":{"footnotes":""},"class_list":["post-20940","page","type-page","status-publish","hentry"],"_links":{"self":[{"href":"https:\/\/sdi-globalhealth.com\/en\/wp-json\/wp\/v2\/pages\/20940","targetHints":{"allow":["GET"]}}],"collection":[{"href":"https:\/\/sdi-globalhealth.com\/en\/wp-json\/wp\/v2\/pages"}],"about":[{"href":"https:\/\/sdi-globalhealth.com\/en\/wp-json\/wp\/v2\/types\/page"}],"author":[{"embeddable":true,"href":"https:\/\/sdi-globalhealth.com\/en\/wp-json\/wp\/v2\/users\/2"}],"replies":[{"embeddable":true,"href":"https:\/\/sdi-globalhealth.com\/en\/wp-json\/wp\/v2\/comments?post=20940"}],"version-history":[{"count":50,"href":"https:\/\/sdi-globalhealth.com\/en\/wp-json\/wp\/v2\/pages\/20940\/revisions"}],"predecessor-version":[{"id":21320,"href":"https:\/\/sdi-globalhealth.com\/en\/wp-json\/wp\/v2\/pages\/20940\/revisions\/21320"}],"wp:attachment":[{"href":"https:\/\/sdi-globalhealth.com\/en\/wp-json\/wp\/v2\/media?parent=20940"}],"curies":[{"name":"wp","href":"https:\/\/api.w.org\/{rel}","templated":true}]}}