{"id":20616,"date":"2023-05-07T20:47:14","date_gmt":"2023-05-07T18:47:14","guid":{"rendered":"https:\/\/sdi-globalhealth.com\/?page_id=20616"},"modified":"2023-05-23T03:34:24","modified_gmt":"2023-05-23T01:34:24","slug":"spallian","status":"publish","type":"page","link":"https:\/\/sdi-globalhealth.com\/en\/spallian\/","title":{"rendered":"Spallian"},"content":{"rendered":"<div data-elementor-type=\"wp-page\" data-elementor-id=\"20616\" class=\"elementor elementor-20616\">\n\t\t\t\t\t\t\t\t\t<section class=\"elementor-section elementor-top-section elementor-element elementor-element-333fac8 elementor-section-boxed elementor-section-height-default elementor-section-height-default\" data-id=\"333fac8\" data-element_type=\"section\">\n\t\t\t\t\t\t<div class=\"elementor-container elementor-column-gap-default\">\n\t\t\t\t\t<div class=\"elementor-column elementor-col-50 elementor-top-column elementor-element elementor-element-9743be0\" data-id=\"9743be0\" data-element_type=\"column\">\n\t\t\t<div class=\"elementor-widget-wrap elementor-element-populated\">\n\t\t\t\t\t\t\t\t<div class=\"elementor-element elementor-element-121fe1b elementor-widget elementor-widget-witr_section_carousel_image\" data-id=\"121fe1b\" data-element_type=\"widget\" data-widget_type=\"witr_section_carousel_image.default\">\n\t\t\t\t<div class=\"elementor-widget-container\">\n\t\t\t\t\t\n\t\t\t\n\t\t\t\t<!--======  START wittr_car_top_right ======-->\n\t\t\t\t<div class=\"carousel_imagess_area\">\n\t\t\t\t\t<div class=\"imagess_id1\">\n\t\t\t\t\t\t\t\t\t\t\t\t\t<div class=\"col-lg-12   carousel_pdding0\">\n\t\t\t\t\t\t\t\t<div class=\"slide_items false\">\n\t\t\t\t\t\t\t\t<!-- image -->\n\t\t\t\t\t\t\t\t\t\t\t\t\t\t\t\t\t\t\t\t\t\t\t\t\t\t<img decoding=\"async\" src=\"http:\/\/sdi-globalhealth.com\/wp-content\/uploads\/2023\/05\/spallian-1.png\" alt=\"\" \/>\n\t\t\t\t\t\t\t\t\t\t\t\t\t\t\t\t\t\t\t\t\t\t\t\t\t\t\n\t\t\t\t\t\t\t\t<\/div>\n\t\t\t\t\t\t\t<\/div>\n\t\t\t\t\t\t\t\t\n\t\t\t\t\t\t\t\t\t\t\t\t\t\t<div class=\"col-lg-12   carousel_pdding0\">\n\t\t\t\t\t\t\t\t<div class=\"slide_items false\">\n\t\t\t\t\t\t\t\t<!-- image -->\n\t\t\t\t\t\t\t\t\t\t\t\t\t\t\t\t\t\t\t\t\t\t\t\t\t\t<img decoding=\"async\" src=\"http:\/\/sdi-globalhealth.com\/wp-content\/uploads\/2023\/05\/spallian_2.jpg\" alt=\"\" \/>\n\t\t\t\t\t\t\t\t\t\t\t\t\t\t\t\t\t\t\t\t\t\t\t\t\t\t\n\t\t\t\t\t\t\t\t<\/div>\n\t\t\t\t\t\t\t<\/div>\n\t\t\t\t\t\t\t\t\n\t\t\t\t\t\t\t\t\t\t\t\t\t\t\t\t\t\t<\/div>\t\t\t\t\t\t\n\t\t\t\t\t\t\t\t\t\n\t\t\t\t<\/div> \n\t\t\t\t<!--====== PART ENDS ======-->\t\t\t\n\t\n\t\t\t\t<script type='text\/javascript'>\n\t\t\t\t\tjQuery(function($){\n\n\t\t\t\t\t\t\/*====== Slide Slick =======*\/\n\t\t\t\t\t\t$('.imagess_id1').slick({\t\n\n\t\t\t\t\t\t\tinfinite: true,\n\t\t\t\t\t\t\tautoplay: true,\n\t\t\t\t\t\t\tautoplaySpeed: 3000,\n\t\t\t\t\t\t\tspeed: 1000,\t\t\t\t\t\n\t\t\t\t\t\t\tslidesToShow: 1,\n\t\t\t\t\t\t\tslidesToScroll: 1,\n\t\t\t\t\t\t\t\t\t\t\t\t\t\tcenterMode: true,\n\t\t\t\t\t\t\tcenterPadding: '',\t\t\t\t\t\n\t\t\t\t\t\t\tarrows: true,\n\t\t\t\t\t\t\tdots: true,\n\t\t\t\t\t\t\tresponsive: [\n\t\t\t\t\t\t\t\t{\n\t\t\t\t\t\t\t\t\tbreakpoint: 1200,\n\t\t\t\t\t\t\t\t\tsettings: {\n\t\t\t\t\t\t\t\t\t\tslidesToShow: 1,\n\t\t\t\t\t\t\t\t\t\tslidesToScroll: 1,\n\t\t\t\t\t\t\t\t\t}\n\t\t\t\t\t\t\t},\n\t\t\t\t\t\t\t\t{\n\t\t\t\t\t\t\t\t\tbreakpoint: 992,\n\t\t\t\t\t\t\t\t\tsettings: {\n\t\t\t\t\t\t\t\t\t\tslidesToShow: 1,\n\t\t\t\t\t\t\t\t\t\tslidesToScroll: 1,\n\t\t\t\t\t\t\t\t\t}\n\t\t\t\t\t\t\t},\n\t\t\t\t\t\t\t\t{\n\t\t\t\t\t\t\t\t\tbreakpoint: 768,\n\t\t\t\t\t\t\t\t\tsettings: {\n\t\t\t\t\t\t\t\t\t\tslidesToShow: 1,\n\t\t\t\t\t\t\t\t\t\tslidesToScroll: 1,\n\t\t\t\t\t\t\t\t\t}\n\t\t\t\t\t\t\t}\n\t\t\t\t\t\t\t\/\/ You can unslick at a given breakpoint now by adding:\n\t\t\t\t\t\t\t\/\/ settings: \"unslick\"\n\t\t\t\t\t\t\t\/\/ instead of a settings object\n\t\t\t\t\t\t\t]\n\t\t\t\t\t\t});\n\n\t\t\t\t\t});\n\t\t\t\t<\/script>\t\t\n\t\t\n\t\n\t\t\t\n\t\t\t<\/div>\n\t\t\t\t<\/div>\n\t\t\t\t\t<\/div>\n\t\t<\/div>\n\t\t\t\t<div class=\"elementor-column elementor-col-50 elementor-top-column elementor-element elementor-element-42bc15f\" data-id=\"42bc15f\" data-element_type=\"column\">\n\t\t\t<div class=\"elementor-widget-wrap elementor-element-populated\">\n\t\t\t\t\t\t\t\t<div class=\"elementor-element elementor-element-62a14a2 elementor-widget elementor-widget-witr_section_t_widget\" data-id=\"62a14a2\" data-element_type=\"widget\" data-widget_type=\"witr_section_t_widget.default\">\n\t\t\t\t<div class=\"elementor-widget-container\">\n\t\t\t\t\t\t\t\t<!-- text widget center -->\n\t\t\t\t\t<div class=\"witr_text_widget\">\n\t\t\t\t\t\t<div class=\"witr_text_widget_inner\">\n\t\t\t\t\t\t\t<!-- text widget top -->\n\t\t\t\t\t\t\t\t\t\t\t\t\t\t\t<h1>Our customers<\/h1>\t\t\n\t\t\t\t\t\t\t\t\t\t\t\t\t\n\t\t\t\t\t\t\t<!-- text widget middle -->\n\t\t\t\t\t\t\t\t\t\t\t\t\t\t\t<h2>SPALLIAN<\/h2>\t\t\n\t\t\t\t\t\t\t\t\t\t\t\t\t\t<!-- text widget bottom -->\n\t\t\t\t\t\t\t\t\t\t\t\t\t\n\t\t\t\t\t\t\t\n\t\t\t\t\t\t\t<!-- content -->\n\t\t\t\t\t\t\t\t\t\t\t\t\t\t\t<p><p><img loading=\"lazy\" decoding=\"async\" class=\"size-full wp-image-20607 alignleft\" src=\"http:\/\/sdi-globalhealth.com\/wp-content\/uploads\/2023\/05\/spallian.svg\" alt=\"\" width=\"134\" height=\"106\" \/><\/p><p><span data-contrast=\"none\">Spallian was born from the desire to offer a French alternative to data processing solutions, so that data can be expressed ethically and intelligently, in the service of the population, and in respect of the French culture of public freedom.<\/span><span data-ccp-props=\"{}\">\u00a0<\/span><\/p><p><span data-contrast=\"none\">Committed to innovation at the service of territories, Spallian makes the richness of open data more reliable, and supports its clients in the development of their data assets and offers participatory data creation systems.<\/span><span data-ccp-props=\"{}\">\u00a0<\/span><\/p><\/p>\t\t\n\t\t\t\t\t\t\t\t\t\t\t\t\t\t\n\t\t\t\t\t\t\t<!--- repeater content --->\n\t\t\t\t\t\t\t\n\t\t\t\t\t\t\t\t\t\t\t\t\t\t\n\t\t\t\t\t\t<\/div>\n\t\t\t\t\t<\/div>\n\n\t\t\t\t\t\t<\/div>\n\t\t\t\t<\/div>\n\t\t\t\t<div class=\"elementor-element elementor-element-1575ab0 elementor-widget elementor-widget-html\" data-id=\"1575ab0\" data-element_type=\"widget\" data-widget_type=\"html.default\">\n\t\t\t\t<div class=\"elementor-widget-container\">\n\t\t\t<a href=\"https:\/\/www.spallian.com\/en\/\" target=\"_blank\" class=\"witr_btn\">Learn more\t\t\t\t\t\t\t\t\t\t\t<!-- icon -->\n<div class=\"pluse_btn_icon\">\n\t\t\t\t\t\t\t\t\t\t\t\t\t\t<span class=\"icofont-plus\"><\/span>\n\t\t\t\t\t\t\t<\/div><\/a>\n\t\t\t\t\t\t\t\t\t\t\t\t\t\t\t\t\t\t\t\n\t\t\t\t\t\t\t\t\t\t\t\t\t\t\t\t\n\t\t\t\t\t\t\t\t\t\t\t\t\t\t\t\t\t\t\t\t\t\t\t\t\t\t\t\t\t\n\t\t\t\t\t\t\t\t\t\t\t\t\t\t\t\n\t\t\t\t\t\t\n\t\t\t\t\t\t\t\t<\/div>\n\t\t\t\t<\/div>\n\t\t\t\t\t<\/div>\n\t\t<\/div>\n\t\t\t\t\t\t\t<\/div>\n\t\t<\/section>\n\t\t\t\t<section class=\"elementor-section elementor-top-section elementor-element elementor-element-b0be812 elementor-section-boxed elementor-section-height-default elementor-section-height-default\" data-id=\"b0be812\" data-element_type=\"section\">\n\t\t\t\t\t\t<div class=\"elementor-container elementor-column-gap-default\">\n\t\t\t\t\t<div class=\"elementor-column elementor-col-100 elementor-top-column elementor-element elementor-element-030714a\" data-id=\"030714a\" data-element_type=\"column\">\n\t\t\t<div class=\"elementor-widget-wrap elementor-element-populated\">\n\t\t\t\t\t\t\t\t<div class=\"elementor-element elementor-element-03ece83 elementor-widget elementor-widget-spacer\" data-id=\"03ece83\" data-element_type=\"widget\" data-widget_type=\"spacer.default\">\n\t\t\t\t<div class=\"elementor-widget-container\">\n\t\t\t<style>\/*! elementor - v3.12.1 - 02-04-2023 *\/\n.elementor-column .elementor-spacer-inner{height:var(--spacer-size)}.e-con{--container-widget-width:100%}.e-con-inner>.elementor-widget-spacer,.e-con>.elementor-widget-spacer{width:var(--container-widget-width,var(--spacer-size));--align-self:var(--container-widget-align-self,initial);--flex-shrink:0}.e-con-inner>.elementor-widget-spacer>.elementor-widget-container,.e-con-inner>.elementor-widget-spacer>.elementor-widget-container>.elementor-spacer,.e-con>.elementor-widget-spacer>.elementor-widget-container,.e-con>.elementor-widget-spacer>.elementor-widget-container>.elementor-spacer{height:100%}.e-con-inner>.elementor-widget-spacer>.elementor-widget-container>.elementor-spacer>.elementor-spacer-inner,.e-con>.elementor-widget-spacer>.elementor-widget-container>.elementor-spacer>.elementor-spacer-inner{height:var(--container-widget-height,var(--spacer-size))}<\/style>\t\t<div class=\"elementor-spacer\">\n\t\t\t<div class=\"elementor-spacer-inner\"><\/div>\n\t\t<\/div>\n\t\t\t\t<\/div>\n\t\t\t\t<\/div>\n\t\t\t\t\t<\/div>\n\t\t<\/div>\n\t\t\t\t\t\t\t<\/div>\n\t\t<\/section>\n\t\t\t\t\t\t\t<\/div>","protected":false},"excerpt":{"rendered":"<p>Nos clients SPALLIAN Spallian est n\u00e9 de la volont\u00e9 de proposer une alternative fran\u00e7aise aux solutions de traitement de donn\u00e9es, pour que la data s\u2019exprime avec \u00e9thique et intelligence, au service de la population, et dans le respect de la culture fran\u00e7aise de libert\u00e9 publique.\u00a0 Engag\u00e9s dans l\u2019innovation au service des territoires, Spallian fiabilise et [&hellip;]<\/p>","protected":false},"author":1,"featured_media":0,"parent":0,"menu_order":0,"comment_status":"closed","ping_status":"closed","template":"template-home.php","meta":{"footnotes":""},"class_list":["post-20616","page","type-page","status-publish","hentry"],"_links":{"self":[{"href":"https:\/\/sdi-globalhealth.com\/en\/wp-json\/wp\/v2\/pages\/20616","targetHints":{"allow":["GET"]}}],"collection":[{"href":"https:\/\/sdi-globalhealth.com\/en\/wp-json\/wp\/v2\/pages"}],"about":[{"href":"https:\/\/sdi-globalhealth.com\/en\/wp-json\/wp\/v2\/types\/page"}],"author":[{"embeddable":true,"href":"https:\/\/sdi-globalhealth.com\/en\/wp-json\/wp\/v2\/users\/1"}],"replies":[{"embeddable":true,"href":"https:\/\/sdi-globalhealth.com\/en\/wp-json\/wp\/v2\/comments?post=20616"}],"version-history":[{"count":29,"href":"https:\/\/sdi-globalhealth.com\/en\/wp-json\/wp\/v2\/pages\/20616\/revisions"}],"predecessor-version":[{"id":21332,"href":"https:\/\/sdi-globalhealth.com\/en\/wp-json\/wp\/v2\/pages\/20616\/revisions\/21332"}],"wp:attachment":[{"href":"https:\/\/sdi-globalhealth.com\/en\/wp-json\/wp\/v2\/media?parent=20616"}],"curies":[{"name":"wp","href":"https:\/\/api.w.org\/{rel}","templated":true}]}}