{"id":20583,"date":"2023-05-07T20:27:57","date_gmt":"2023-05-07T18:27:57","guid":{"rendered":"https:\/\/sdi-globalhealth.com\/?page_id=20583"},"modified":"2023-05-23T16:15:23","modified_gmt":"2023-05-23T14:15:23","slug":"marketing-et-ventes","status":"publish","type":"page","link":"https:\/\/sdi-globalhealth.com\/en\/marketing-et-ventes\/","title":{"rendered":"Marketing and Sales"},"content":{"rendered":"<div data-elementor-type=\"wp-page\" data-elementor-id=\"20583\" class=\"elementor elementor-20583\">\n\t\t\t\t\t\t\t\t\t<section class=\"elementor-section elementor-top-section elementor-element elementor-element-333fac8 elementor-section-boxed elementor-section-height-default elementor-section-height-default\" data-id=\"333fac8\" data-element_type=\"section\">\n\t\t\t\t\t\t<div class=\"elementor-container elementor-column-gap-default\">\n\t\t\t\t\t<div class=\"elementor-column elementor-col-50 elementor-top-column elementor-element elementor-element-9743be0\" data-id=\"9743be0\" data-element_type=\"column\">\n\t\t\t<div class=\"elementor-widget-wrap elementor-element-populated\">\n\t\t\t\t\t\t\t\t<div class=\"elementor-element elementor-element-121fe1b elementor-widget elementor-widget-witr_section_carousel_image\" data-id=\"121fe1b\" data-element_type=\"widget\" data-widget_type=\"witr_section_carousel_image.default\">\n\t\t\t\t<div class=\"elementor-widget-container\">\n\t\t\t\t\t\n\t\t\t\n\t\t\t\t<!--======  START wittr_car_top_right ======-->\n\t\t\t\t<div class=\"carousel_imagess_area\">\n\t\t\t\t\t<div class=\"imagess_id1\">\n\t\t\t\t\t\t\t\t\t\t\t\t\t<div class=\"col-lg-12   carousel_pdding0\">\n\t\t\t\t\t\t\t\t<div class=\"slide_items false\">\n\t\t\t\t\t\t\t\t<!-- image -->\n\t\t\t\t\t\t\t\t\t\t\t\t\t\t\t\t\t\t\t\t\t\t\t\t\t\t<img decoding=\"async\" src=\"http:\/\/sdi-globalhealth.com\/wp-content\/uploads\/2023\/05\/Marketing_et_ventes.jpg\" alt=\"\" \/>\n\t\t\t\t\t\t\t\t\t\t\t\t\t\t\t\t\t\t\t\t\t\t\t\t\t\t\n\t\t\t\t\t\t\t\t<\/div>\n\t\t\t\t\t\t\t<\/div>\n\t\t\t\t\t\t\t\t\n\t\t\t\t\t\t\t\t\t\t\t\t\t\t<div class=\"col-lg-12   carousel_pdding0\">\n\t\t\t\t\t\t\t\t<div class=\"slide_items false\">\n\t\t\t\t\t\t\t\t<!-- image -->\n\t\t\t\t\t\t\t\t\t\t\t\t\t\t\t\t\t\t\t\t\t\t\t\t\t\t<img decoding=\"async\" src=\"http:\/\/sdi-globalhealth.com\/wp-content\/uploads\/2023\/05\/Marketing_et_ventes_2.jpg\" alt=\"\" \/>\n\t\t\t\t\t\t\t\t\t\t\t\t\t\t\t\t\t\t\t\t\t\t\t\t\t\t\n\t\t\t\t\t\t\t\t<\/div>\n\t\t\t\t\t\t\t<\/div>\n\t\t\t\t\t\t\t\t\n\t\t\t\t\t\t\t\t\t\t\t\t\t\t\t\t\t\t<\/div>\t\t\t\t\t\t\n\t\t\t\t\t\t\t\t\t\n\t\t\t\t<\/div> \n\t\t\t\t<!--====== PART ENDS ======-->\t\t\t\n\t\n\t\t\t\t<script type='text\/javascript'>\n\t\t\t\t\tjQuery(function($){\n\n\t\t\t\t\t\t\/*====== Slide Slick =======*\/\n\t\t\t\t\t\t$('.imagess_id1').slick({\t\n\n\t\t\t\t\t\t\tinfinite: true,\n\t\t\t\t\t\t\tautoplay: true,\n\t\t\t\t\t\t\tautoplaySpeed: 3000,\n\t\t\t\t\t\t\tspeed: 1000,\t\t\t\t\t\n\t\t\t\t\t\t\tslidesToShow: 1,\n\t\t\t\t\t\t\tslidesToScroll: 1,\n\t\t\t\t\t\t\t\t\t\t\t\t\t\tcenterMode: true,\n\t\t\t\t\t\t\tcenterPadding: '',\t\t\t\t\t\n\t\t\t\t\t\t\tarrows: true,\n\t\t\t\t\t\t\tdots: true,\n\t\t\t\t\t\t\tresponsive: [\n\t\t\t\t\t\t\t\t{\n\t\t\t\t\t\t\t\t\tbreakpoint: 1200,\n\t\t\t\t\t\t\t\t\tsettings: {\n\t\t\t\t\t\t\t\t\t\tslidesToShow: 1,\n\t\t\t\t\t\t\t\t\t\tslidesToScroll: 1,\n\t\t\t\t\t\t\t\t\t}\n\t\t\t\t\t\t\t},\n\t\t\t\t\t\t\t\t{\n\t\t\t\t\t\t\t\t\tbreakpoint: 992,\n\t\t\t\t\t\t\t\t\tsettings: {\n\t\t\t\t\t\t\t\t\t\tslidesToShow: 1,\n\t\t\t\t\t\t\t\t\t\tslidesToScroll: 1,\n\t\t\t\t\t\t\t\t\t}\n\t\t\t\t\t\t\t},\n\t\t\t\t\t\t\t\t{\n\t\t\t\t\t\t\t\t\tbreakpoint: 768,\n\t\t\t\t\t\t\t\t\tsettings: {\n\t\t\t\t\t\t\t\t\t\tslidesToShow: 1,\n\t\t\t\t\t\t\t\t\t\tslidesToScroll: 1,\n\t\t\t\t\t\t\t\t\t}\n\t\t\t\t\t\t\t}\n\t\t\t\t\t\t\t\/\/ You can unslick at a given breakpoint now by adding:\n\t\t\t\t\t\t\t\/\/ settings: \"unslick\"\n\t\t\t\t\t\t\t\/\/ instead of a settings object\n\t\t\t\t\t\t\t]\n\t\t\t\t\t\t});\n\n\t\t\t\t\t});\n\t\t\t\t<\/script>\t\t\n\t\t\n\t\n\t\t\t\n\t\t\t<\/div>\n\t\t\t\t<\/div>\n\t\t\t\t\t<\/div>\n\t\t<\/div>\n\t\t\t\t<div class=\"elementor-column elementor-col-50 elementor-top-column elementor-element elementor-element-42bc15f\" data-id=\"42bc15f\" data-element_type=\"column\">\n\t\t\t<div class=\"elementor-widget-wrap elementor-element-populated\">\n\t\t\t\t\t\t\t\t<div class=\"elementor-element elementor-element-62a14a2 elementor-widget elementor-widget-witr_section_t_widget\" data-id=\"62a14a2\" data-element_type=\"widget\" data-widget_type=\"witr_section_t_widget.default\">\n\t\t\t\t<div class=\"elementor-widget-container\">\n\t\t\t\t\t\t\t\t<!-- text widget center -->\n\t\t\t\t\t<div class=\"witr_text_widget\">\n\t\t\t\t\t\t<div class=\"witr_text_widget_inner\">\n\t\t\t\t\t\t\t<!-- text widget top -->\n\t\t\t\t\t\t\t\t\t\t\t\t\t\t\t<h1>Our Services<\/h1>\t\t\n\t\t\t\t\t\t\t\t\t\t\t\t\t\n\t\t\t\t\t\t\t<!-- text widget middle -->\n\t\t\t\t\t\t\t\t\t\t\t\t\t\t\t<h2>Marketing and Sales<\/h2>\t\t\n\t\t\t\t\t\t\t\t\t\t\t\t\t\t<!-- text widget bottom -->\n\t\t\t\t\t\t\t\t\t\t\t\t\t\n\t\t\t\t\t\t\t\n\t\t\t\t\t\t\t<!-- content -->\n\t\t\t\t\t\t\t\t\t\t\t\t\t\t\t<p><p><span class=\"TextRun SCXW28403473 BCX0\" lang=\"FR-FR\" xml:lang=\"FR-FR\" data-contrast=\"none\"><span class=\"NormalTextRun SCXW28403473 BCX0\">A marketing-sales approach based on deep knowledge of local markets, challenges, and key opinion leaders.<\/span><\/span><span class=\"EOP SCXW28403473 BCX0\" data-ccp-props=\"{&quot;335559685&quot;:709,&quot;335559991&quot;:1}\">\u00a0<\/span><\/p><p class=\" translation-block\">Thanks to our team rich in extensive experience and knowledge of complex markets, SDI supports you in developing and implementing your marketing and sales strategy adapted to your products.<\/p><ul><li data-leveltext=\"\uf0a7\" data-font=\"Wingdings\" data-listid=\"2\" data-list-defn-props=\"{&quot;335552541&quot;:1,&quot;335559684&quot;:-2,&quot;335559685&quot;:1440,&quot;335559991&quot;:360,&quot;469769226&quot;:&quot;Wingdings&quot;,&quot;469769242&quot;:[9642],&quot;469777803&quot;:&quot;left&quot;,&quot;469777804&quot;:&quot;\uf0a7&quot;,&quot;469777815&quot;:&quot;hybridMultilevel&quot;}\" aria-setsize=\"-1\" data-aria-posinset=\"1\" data-aria-level=\"2\"><span data-contrast=\"none\">Market analysis<\/span><span data-ccp-props=\"{}\">\u00a0<\/span><\/li><li data-leveltext=\"\uf0a7\" data-font=\"Wingdings\" data-listid=\"2\" data-list-defn-props=\"{&quot;335552541&quot;:1,&quot;335559684&quot;:-2,&quot;335559685&quot;:1440,&quot;335559991&quot;:360,&quot;469769226&quot;:&quot;Wingdings&quot;,&quot;469769242&quot;:[9642],&quot;469777803&quot;:&quot;left&quot;,&quot;469777804&quot;:&quot;\uf0a7&quot;,&quot;469777815&quot;:&quot;hybridMultilevel&quot;}\" aria-setsize=\"-1\" data-aria-posinset=\"2\" data-aria-level=\"2\"><span data-contrast=\"none\">Product positioning and pricing strategy<\/span><span data-ccp-props=\"{}\">\u00a0<\/span><\/li><li data-leveltext=\"\uf0a7\" data-font=\"Wingdings\" data-listid=\"2\" data-list-defn-props=\"{&quot;335552541&quot;:1,&quot;335559684&quot;:-2,&quot;335559685&quot;:1440,&quot;335559991&quot;:360,&quot;469769226&quot;:&quot;Wingdings&quot;,&quot;469769242&quot;:[9642],&quot;469777803&quot;:&quot;left&quot;,&quot;469777804&quot;:&quot;\uf0a7&quot;,&quot;469777815&quot;:&quot;hybridMultilevel&quot;}\" aria-setsize=\"-1\" data-aria-posinset=\"3\" data-aria-level=\"2\"><span data-contrast=\"none\">Marketing campaign<\/span><span data-ccp-props=\"{}\">\u00a0<\/span><\/li><\/ul><ul><li data-leveltext=\"\uf0a7\" data-font=\"Wingdings\" data-listid=\"2\" data-list-defn-props=\"{&quot;335552541&quot;:1,&quot;335559684&quot;:-2,&quot;335559685&quot;:1440,&quot;335559991&quot;:360,&quot;469769226&quot;:&quot;Wingdings&quot;,&quot;469769242&quot;:[9642],&quot;469777803&quot;:&quot;left&quot;,&quot;469777804&quot;:&quot;\uf0a7&quot;,&quot;469777815&quot;:&quot;hybridMultilevel&quot;}\" aria-setsize=\"-1\" data-aria-posinset=\"1\" data-aria-level=\"2\"><span data-contrast=\"none\">Sales team training\u00a0<\/span><span data-ccp-props=\"{}\">\u00a0<\/span><\/li><li data-leveltext=\"\uf0a7\" data-font=\"Wingdings\" data-listid=\"2\" data-list-defn-props=\"{&quot;335552541&quot;:1,&quot;335559684&quot;:-2,&quot;335559685&quot;:1440,&quot;335559991&quot;:360,&quot;469769226&quot;:&quot;Wingdings&quot;,&quot;469769242&quot;:[9642],&quot;469777803&quot;:&quot;left&quot;,&quot;469777804&quot;:&quot;\uf0a7&quot;,&quot;469777815&quot;:&quot;hybridMultilevel&quot;}\" aria-setsize=\"-1\" data-aria-posinset=\"2\" data-aria-level=\"2\"><span data-contrast=\"none\">Sales approach\u00a0<\/span><span data-ccp-props=\"{}\">\u00a0<\/span><\/li><\/ul><p class=\" translation-block\">Public markets: Our country experts have all held key account management positions and have know-how on  public markets and calls for tender.<\/p><p class=\" translation-block\">Establishing a long-term presence for your business:<\/p><ul><li data-leveltext=\"\uf0a7\" data-font=\"Wingdings\" data-listid=\"2\" data-list-defn-props=\"{&quot;335552541&quot;:1,&quot;335559684&quot;:-2,&quot;335559685&quot;:1440,&quot;335559991&quot;:360,&quot;469769226&quot;:&quot;Wingdings&quot;,&quot;469769242&quot;:[9642],&quot;469777803&quot;:&quot;left&quot;,&quot;469777804&quot;:&quot;\uf0a7&quot;,&quot;469777815&quot;:&quot;hybridMultilevel&quot;}\" aria-setsize=\"-1\" data-aria-posinset=\"1\" data-aria-level=\"2\"><span data-contrast=\"none\"><span class=\"TextRun Highlight SCXW69899104 BCX0\" lang=\"FR-FR\" xml:lang=\"FR-FR\" data-contrast=\"none\"><span class=\"NormalTextRun SCXW69899104 BCX0\">To ensure a sustainable development in a country, SDI will guide you on strategic choices to form alliances with strong local partners, distributors or promotional agencies.<\/span><\/span><\/span><\/li><li data-leveltext=\"\uf0a7\" data-font=\"Wingdings\" data-listid=\"2\" data-list-defn-props=\"{&quot;335552541&quot;:1,&quot;335559684&quot;:-2,&quot;335559685&quot;:1440,&quot;335559991&quot;:360,&quot;469769226&quot;:&quot;Wingdings&quot;,&quot;469769242&quot;:[9642],&quot;469777803&quot;:&quot;left&quot;,&quot;469777804&quot;:&quot;\uf0a7&quot;,&quot;469777815&quot;:&quot;hybridMultilevel&quot;}\" aria-setsize=\"-1\" data-aria-posinset=\"2\" data-aria-level=\"2\" class=\" translation-block\">SDI will assist you in setting up a local structure: subsidiary or commercial representation.<\/li><\/ul><\/p>\t\t\n\t\t\t\t\t\t\t\t\t\t\t\t\t\t\n\t\t\t\t\t\t\t<!--- repeater content --->\n\t\t\t\t\t\t\t\n\t\t\t\t\t\t\t\t\t\t\t\t\t\t\n\t\t\t\t\t\t<\/div>\n\t\t\t\t\t<\/div>\n\n\t\t\t\t\t\t<\/div>\n\t\t\t\t<\/div>\n\t\t\t\t\t<\/div>\n\t\t<\/div>\n\t\t\t\t\t\t\t<\/div>\n\t\t<\/section>\n\t\t\t\t<section class=\"elementor-section elementor-top-section elementor-element elementor-element-b0be812 elementor-section-boxed elementor-section-height-default elementor-section-height-default\" data-id=\"b0be812\" data-element_type=\"section\">\n\t\t\t\t\t\t<div class=\"elementor-container elementor-column-gap-default\">\n\t\t\t\t\t<div class=\"elementor-column elementor-col-100 elementor-top-column elementor-element elementor-element-030714a\" data-id=\"030714a\" data-element_type=\"column\">\n\t\t\t<div class=\"elementor-widget-wrap elementor-element-populated\">\n\t\t\t\t\t\t\t\t<div class=\"elementor-element elementor-element-03ece83 elementor-widget elementor-widget-spacer\" data-id=\"03ece83\" data-element_type=\"widget\" data-widget_type=\"spacer.default\">\n\t\t\t\t<div class=\"elementor-widget-container\">\n\t\t\t<style>\/*! elementor - v3.12.1 - 02-04-2023 *\/\n.elementor-column .elementor-spacer-inner{height:var(--spacer-size)}.e-con{--container-widget-width:100%}.e-con-inner>.elementor-widget-spacer,.e-con>.elementor-widget-spacer{width:var(--container-widget-width,var(--spacer-size));--align-self:var(--container-widget-align-self,initial);--flex-shrink:0}.e-con-inner>.elementor-widget-spacer>.elementor-widget-container,.e-con-inner>.elementor-widget-spacer>.elementor-widget-container>.elementor-spacer,.e-con>.elementor-widget-spacer>.elementor-widget-container,.e-con>.elementor-widget-spacer>.elementor-widget-container>.elementor-spacer{height:100%}.e-con-inner>.elementor-widget-spacer>.elementor-widget-container>.elementor-spacer>.elementor-spacer-inner,.e-con>.elementor-widget-spacer>.elementor-widget-container>.elementor-spacer>.elementor-spacer-inner{height:var(--container-widget-height,var(--spacer-size))}<\/style>\t\t<div class=\"elementor-spacer\">\n\t\t\t<div class=\"elementor-spacer-inner\"><\/div>\n\t\t<\/div>\n\t\t\t\t<\/div>\n\t\t\t\t<\/div>\n\t\t\t\t\t<\/div>\n\t\t<\/div>\n\t\t\t\t\t\t\t<\/div>\n\t\t<\/section>\n\t\t\t\t\t\t\t<\/div>","protected":false},"excerpt":{"rendered":"<p>Nos services Marketing et Ventes Une approche marketing-vente bas\u00e9e sur la connaissance des march\u00e9s, des enjeux locaux et des leaders d\u2019opinion.\u00a0 Gr\u00e2ce \u00e0 son \u00e9quipe riche d\u2019une grande exp\u00e9rience et d\u2019une connaissance approfondie des march\u00e9s complexes, SDI vous accompagne dans l\u2019\u00e9laboration et la mise en \u0153uvre de votre strat\u00e9gie marketing et commerciale adapt\u00e9e \u00e0 vos [&hellip;]<\/p>","protected":false},"author":1,"featured_media":0,"parent":0,"menu_order":0,"comment_status":"closed","ping_status":"closed","template":"template-home.php","meta":{"footnotes":""},"class_list":["post-20583","page","type-page","status-publish","hentry"],"_links":{"self":[{"href":"https:\/\/sdi-globalhealth.com\/en\/wp-json\/wp\/v2\/pages\/20583","targetHints":{"allow":["GET"]}}],"collection":[{"href":"https:\/\/sdi-globalhealth.com\/en\/wp-json\/wp\/v2\/pages"}],"about":[{"href":"https:\/\/sdi-globalhealth.com\/en\/wp-json\/wp\/v2\/types\/page"}],"author":[{"embeddable":true,"href":"https:\/\/sdi-globalhealth.com\/en\/wp-json\/wp\/v2\/users\/1"}],"replies":[{"embeddable":true,"href":"https:\/\/sdi-globalhealth.com\/en\/wp-json\/wp\/v2\/comments?post=20583"}],"version-history":[{"count":19,"href":"https:\/\/sdi-globalhealth.com\/en\/wp-json\/wp\/v2\/pages\/20583\/revisions"}],"predecessor-version":[{"id":21389,"href":"https:\/\/sdi-globalhealth.com\/en\/wp-json\/wp\/v2\/pages\/20583\/revisions\/21389"}],"wp:attachment":[{"href":"https:\/\/sdi-globalhealth.com\/en\/wp-json\/wp\/v2\/media?parent=20583"}],"curies":[{"name":"wp","href":"https:\/\/api.w.org\/{rel}","templated":true}]}}